{"id":3734,"date":"2025-10-07T07:45:26","date_gmt":"2025-10-07T05:45:26","guid":{"rendered":"https:\/\/ess.aema.fi\/credentials\/"},"modified":"2025-11-10T11:10:06","modified_gmt":"2025-11-10T09:10:06","slug":"credentials","status":"publish","type":"page","link":"https:\/\/ess.aema.fi\/fi\/credentials\/","title":{"rendered":"Valtakirjat"},"content":{"rendered":"\t\t<div data-elementor-type=\"wp-page\" data-elementor-id=\"3734\" class=\"elementor elementor-3734 elementor-37\" data-elementor-post-type=\"page\">\n\t\t\t\t<div class=\"elementor-element elementor-element-722737f e-flex e-con-boxed e-con e-parent\" data-id=\"722737f\" data-element_type=\"container\" data-e-type=\"container\" data-settings=\"{&quot;background_background&quot;:&quot;classic&quot;}\">\n\t\t\t\t\t<div class=\"e-con-inner\">\n\t\t<div class=\"elementor-element elementor-element-5f378ef e-con-full e-flex e-con e-child\" data-id=\"5f378ef\" data-element_type=\"container\" data-e-type=\"container\">\n\t\t<div class=\"elementor-element elementor-element-dd3d0de e-con-full e-flex e-con e-child\" data-id=\"dd3d0de\" data-element_type=\"container\" data-e-type=\"container\">\n\t\t\t\t<div class=\"elementor-element elementor-element-b2392a6 elementor-widget elementor-widget-heading\" data-id=\"b2392a6\" data-element_type=\"widget\" data-e-type=\"widget\" data-widget_type=\"heading.default\">\n\t\t\t\t\t<h2 class=\"elementor-heading-title elementor-size-default\">Valtakirjat<\/h2>\t\t\t\t<\/div>\n\t\t\t\t<\/div>\n\t\t\t\t<\/div>\n\t\t\t\t\t<\/div>\n\t\t\t\t<\/div>\n\t\t<div class=\"elementor-element elementor-element-71528bf e-flex e-con-boxed e-con e-parent\" data-id=\"71528bf\" data-element_type=\"container\" data-e-type=\"container\">\n\t\t\t\t\t<div class=\"e-con-inner\">\n\t\t<div class=\"elementor-element elementor-element-1c426ef e-con-full e-flex e-con e-child\" data-id=\"1c426ef\" data-element_type=\"container\" data-e-type=\"container\">\n\t\t\t\t<div class=\"elementor-element elementor-element-55ae07d elementor-widget elementor-widget-heading\" data-id=\"55ae07d\" data-element_type=\"widget\" data-e-type=\"widget\" data-widget_type=\"heading.default\">\n\t\t\t\t\t<h2 class=\"elementor-heading-title elementor-size-default\">Me AEMA OY:ss\u00e4 olemme ylpeit\u00e4 siit\u00e4, ett\u00e4 teemme yhteisty\u00f6t\u00e4 luotettavien kumppaneiden kanssa, jotka jakavat sitoutumisemme huippuosaamiseen, turvallisuuteen ja kest\u00e4vyyteen. T\u00e4lt\u00e4 sivulta l\u00f6yd\u00e4t kumppaniyritystemme sertifikaatit ja akkreditoinnit, jotka osoittavat niiden asiantuntemuksen, kansainv\u00e4listen standardien noudattamisen ja omistautumisen laadulle. <\/h2>\t\t\t\t<\/div>\n\t\t<div class=\"elementor-element elementor-element-d368ea6 e-grid e-con-full e-con e-child\" data-id=\"d368ea6\" data-element_type=\"container\" data-e-type=\"container\">\n\t\t<div class=\"elementor-element elementor-element-0cfbaa7 e-con-full e-flex e-con e-child\" data-id=\"0cfbaa7\" data-element_type=\"container\" data-e-type=\"container\">\n\t\t\t\t<div class=\"elementor-element elementor-element-8a27ed8 elementor-widget elementor-widget-heading\" data-id=\"8a27ed8\" data-element_type=\"widget\" data-e-type=\"widget\" data-widget_type=\"heading.default\">\n\t\t\t\t\t<h2 class=\"elementor-heading-title elementor-size-default\">1. Yingli<\/h2>\t\t\t\t<\/div>\n\t\t\t\t<div class=\"elementor-element elementor-element-1859bd3 elementor-widget elementor-widget-image\" data-id=\"1859bd3\" data-element_type=\"widget\" data-e-type=\"widget\" data-widget_type=\"image.default\">\n\t\t\t\t\t\t\t\t\t\t\t\t\t\t\t<img decoding=\"async\" src=\"https:\/\/ess.aema.fi\/wp-content\/uploads\/elementor\/thumbs\/Yingli-Certificate-rdv70vwm72olk9j521udgg5ewq2dt7qsowuch9sdfk.png\" title=\"Yingli-todistus\" alt=\"Yingli-todistus\" loading=\"lazy\" \/>\t\t\t\t\t\t\t\t\t\t\t\t\t\t\t<\/div>\n\t\t\t\t<div class=\"elementor-element elementor-element-961147d elementor-widget elementor-widget-text-editor\" data-id=\"961147d\" data-element_type=\"widget\" data-e-type=\"widget\" data-widget_type=\"text-editor.default\">\n\t\t\t\t\t\t\t\t\t<p>Yingli Energy Technology Group on BIPV-tuotteiden ja integroitujen aurinkoratkaisujen maailmanlaajuinen markkinajohtaja, joka on sitoutunut tuottamaan puhdasta energiaa kaikille ja edist\u00e4m\u00e4\u00e4n hiilidioksidip\u00e4\u00e4st\u00f6t\u00f6nt\u00e4 tulevaisuutta.<\/p><p><a href=\"https:\/\/epc.aema.fi\/wp-content\/uploads\/2025\/04\/Yungli.pdf\" target=\"_blank\" rel=\"noopener\">Lataa todistus<\/a><\/p>\t\t\t\t\t\t\t\t<\/div>\n\t\t\t\t<\/div>\n\t\t<div class=\"elementor-element elementor-element-dbe0352 e-con-full e-flex e-con e-child\" data-id=\"dbe0352\" data-element_type=\"container\" data-e-type=\"container\">\n\t\t\t\t<div class=\"elementor-element elementor-element-34710c2 elementor-widget elementor-widget-heading\" data-id=\"34710c2\" data-element_type=\"widget\" data-e-type=\"widget\" data-widget_type=\"heading.default\">\n\t\t\t\t\t<h2 class=\"elementor-heading-title elementor-size-default\">2. Saada aurinko<\/h2>\t\t\t\t<\/div>\n\t\t\t\t<div class=\"elementor-element elementor-element-077451d elementor-widget elementor-widget-image\" data-id=\"077451d\" data-element_type=\"widget\" data-e-type=\"widget\" data-widget_type=\"image.default\">\n\t\t\t\t\t\t\t\t\t\t\t\t\t\t\t<img decoding=\"async\" src=\"https:\/\/ess.aema.fi\/wp-content\/uploads\/elementor\/thumbs\/GAIN_SOLAR-e1761919157241-re0qkq1cv2scwh4l4h75u1ujochdxrpuaoemlb59ts.png\" title=\"GAIN_SOLAR\" alt=\"GAIN_SOLAR\" loading=\"lazy\" \/>\t\t\t\t\t\t\t\t\t\t\t\t\t\t\t<\/div>\n\t\t\t\t<div class=\"elementor-element elementor-element-5cd744d elementor-widget elementor-widget-text-editor\" data-id=\"5cd744d\" data-element_type=\"widget\" data-e-type=\"widget\" data-widget_type=\"text-editor.default\">\n\t\t\t\t\t\t\t\t\t<p>Gain Solar, Yingli Groupin tyt\u00e4ryhti\u00f6, on johtava hiilineutraalien ratkaisujen tarjoaja. Vuodesta 2007 l\u00e4htien yhti\u00f6 on keskittynyt toimittamaan innovatiivisia rakennuksiin integroituja valos\u00e4hk\u00f6isi\u00e4 (aurinkoenergia) materiaaleja (BIPV), kuten aurinkolaattoja ja aurinkolattiapaneeleita. Sen visiona on mahdollistaa aurinkoenergian tuottaminen kaikilta auringonvalolle altistuvilta pinnoilta.  <\/p><p><a href=\"https:\/\/epc.aema.fi\/wp-content\/uploads\/2025\/04\/Authorization_letter_AEMA.pdf\" target=\"_blank\" rel=\"noopener\">Lataa valtuutuskirje<\/a><\/p>\t\t\t\t\t\t\t\t<\/div>\n\t\t\t\t<\/div>\n\t\t<div class=\"elementor-element elementor-element-2adae46 e-con-full e-flex e-con e-child\" data-id=\"2adae46\" data-element_type=\"container\" data-e-type=\"container\">\n\t\t\t\t<div class=\"elementor-element elementor-element-e46ac6b elementor-widget elementor-widget-heading\" data-id=\"e46ac6b\" data-element_type=\"widget\" data-e-type=\"widget\" data-widget_type=\"heading.default\">\n\t\t\t\t\t<h2 class=\"elementor-heading-title elementor-size-default\">3. Nord Poolin akatemian fyysiset ja taloudelliset s\u00e4hk\u00f6markkinat<\/h2>\t\t\t\t<\/div>\n\t\t\t\t<div class=\"elementor-element elementor-element-ca63418 elementor-widget elementor-widget-image\" data-id=\"ca63418\" data-element_type=\"widget\" data-e-type=\"widget\" data-widget_type=\"image.default\">\n\t\t\t\t\t\t\t\t\t\t\t\t\t\t\t<img decoding=\"async\" src=\"https:\/\/ess.aema.fi\/wp-content\/uploads\/elementor\/thumbs\/NP-1-rdv70pbqv8flazsp4gzzgzt6r0ytbc0oc09y4c24n4.png\" title=\"NP-1\" alt=\"NP-1\" loading=\"lazy\" \/>\t\t\t\t\t\t\t\t\t\t\t\t\t\t\t<\/div>\n\t\t\t\t<div class=\"elementor-element elementor-element-7ef4096 elementor-widget elementor-widget-text-editor\" data-id=\"7ef4096\" data-element_type=\"widget\" data-e-type=\"widget\" data-widget_type=\"text-editor.default\">\n\t\t\t\t\t\t\t\t\t<p>Nord Pool on maailman ensimm\u00e4inen s\u00e4hk\u00f6p\u00f6rssi ja ensimm\u00e4inen monikansallinen s\u00e4hk\u00f6kauppapaikka. Vuonna 2023 30-vuotisjuhlavuottaan viett\u00e4v\u00e4 Nord Pool k\u00e4sitt\u00e4\u00e4 sek\u00e4 kaupallisen s\u00e4hk\u00f6p\u00f6rssin ett\u00e4 Euroopan markkinakytkent\u00e4operaattorin. Nord Pool sai alkunsa Norjassa Statnett Marked -nimell\u00e4, ja se oli uranuurtaja kansainv\u00e4lisess\u00e4 s\u00e4hk\u00f6kaupassa, kun norjalais-ruotsalainen s\u00e4hk\u00f6p\u00f6rssi k\u00e4ynnistettiin vuonna 1996. N\u00e4in perustettiin Nord Pool -nimi ja maailman ensimm\u00e4iset rajat ylitt\u00e4v\u00e4t s\u00e4hk\u00f6markkinat.  <\/p><p><a href=\"https:\/\/epc.aema.fi\/wp-content\/uploads\/2025\/04\/ThePhysicalandFinancialPowerMarkets_Badge20250403-28-h3oh6h.pdf\" target=\"_blank\" rel=\"noopener\">Lataa todistus<\/a><\/p>\t\t\t\t\t\t\t\t<\/div>\n\t\t\t\t<\/div>\n\t\t\t\t<\/div>\n\t\t\t\t<div class=\"elementor-element elementor-element-ac246ea elementor-widget elementor-widget-text-editor\" data-id=\"ac246ea\" data-element_type=\"widget\" data-e-type=\"widget\" data-widget_type=\"text-editor.default\">\n\t\t\t\t\t\t\t\t\t<p>N\u00e4m\u00e4 tunnustukset ovat osoitus verkostomme korkeista standardeista, jotka takaavat luotettavan, tehokkaan ja vastuullisen projektin toteutuksen.<\/p>\t\t\t\t\t\t\t\t<\/div>\n\t\t\t\t<\/div>\n\t\t\t\t\t<\/div>\n\t\t\t\t<\/div>\n\t\t\t\t<\/div>\n\t\t","protected":false},"excerpt":{"rendered":"<p>Valtakirjat Me AEMA OY:ss\u00e4 olemme ylpeit\u00e4 siit\u00e4, ett\u00e4 teemme yhteisty\u00f6t\u00e4 luotettavien kumppaneiden kanssa, jotka jakavat sitoutumisemme huippuosaamiseen, turvallisuuteen ja kest\u00e4vyyteen. T\u00e4lt\u00e4 sivulta l\u00f6yd\u00e4t kumppaniyritystemme sertifikaatit ja akkreditoinnit, jotka osoittavat niiden asiantuntemuksen, kansainv\u00e4listen standardien noudattamisen ja omistautumisen laadulle. 1. Yingli Yingli Energy Technology Group on BIPV-tuotteiden ja integroitujen aurinkoratkaisujen maailmanlaajuinen markkinajohtaja, joka on sitoutunut tuottamaan puhdasta [&hellip;]<\/p>\n","protected":false},"author":1,"featured_media":0,"parent":0,"menu_order":0,"comment_status":"closed","ping_status":"closed","template":"","meta":{"site-sidebar-layout":"no-sidebar","site-content-layout":"","ast-site-content-layout":"full-width-container","site-content-style":"default","site-sidebar-style":"default","ast-global-header-display":"","ast-banner-title-visibility":"","ast-main-header-display":"","ast-hfb-above-header-display":"","ast-hfb-below-header-display":"","ast-hfb-mobile-header-display":"","site-post-title":"disabled","ast-breadcrumbs-content":"","ast-featured-img":"disabled","footer-sml-layout":"","theme-transparent-header-meta":"","adv-header-id-meta":"","stick-header-meta":"","header-above-stick-meta":"","header-main-stick-meta":"","header-below-stick-meta":"","astra-migrate-meta-layouts":"default","ast-page-background-enabled":"default","ast-page-background-meta":{"desktop":{"background-color":"var(--ast-global-color-5)","background-image":"","background-repeat":"repeat","background-position":"center center","background-size":"auto","background-attachment":"scroll","background-type":"","background-media":"","overlay-type":"","overlay-color":"","overlay-opacity":"","overlay-gradient":""},"tablet":{"background-color":"","background-image":"","background-repeat":"repeat","background-position":"center center","background-size":"auto","background-attachment":"scroll","background-type":"","background-media":"","overlay-type":"","overlay-color":"","overlay-opacity":"","overlay-gradient":""},"mobile":{"background-color":"","background-image":"","background-repeat":"repeat","background-position":"center center","background-size":"auto","background-attachment":"scroll","background-type":"","background-media":"","overlay-type":"","overlay-color":"","overlay-opacity":"","overlay-gradient":""}},"ast-content-background-meta":{"desktop":{"background-color":"var(--ast-global-color-4)","background-image":"","background-repeat":"repeat","background-position":"center center","background-size":"auto","background-attachment":"scroll","background-type":"","background-media":"","overlay-type":"","overlay-color":"","overlay-opacity":"","overlay-gradient":""},"tablet":{"background-color":"var(--ast-global-color-4)","background-image":"","background-repeat":"repeat","background-position":"center center","background-size":"auto","background-attachment":"scroll","background-type":"","background-media":"","overlay-type":"","overlay-color":"","overlay-opacity":"","overlay-gradient":""},"mobile":{"background-color":"var(--ast-global-color-4)","background-image":"","background-repeat":"repeat","background-position":"center center","background-size":"auto","background-attachment":"scroll","background-type":"","background-media":"","overlay-type":"","overlay-color":"","overlay-opacity":"","overlay-gradient":""}},"footnotes":""},"class_list":["post-3734","page","type-page","status-publish","hentry"],"yoast_head":"<!-- This site is optimized with the Yoast SEO plugin v27.5 - https:\/\/yoast.com\/product\/yoast-seo-wordpress\/ -->\n<title>Valtakirjat - AEMA OY<\/title>\n<meta name=\"robots\" content=\"index, follow, max-snippet:-1, max-image-preview:large, max-video-preview:-1\" \/>\n<link rel=\"canonical\" href=\"https:\/\/ess.aema.fi\/fi\/credentials\/\" \/>\n<meta property=\"og:locale\" content=\"fi_FI\" \/>\n<meta property=\"og:type\" content=\"article\" \/>\n<meta property=\"og:title\" content=\"Valtakirjat - AEMA OY\" \/>\n<meta property=\"og:description\" content=\"Valtakirjat Me AEMA OY:ss\u00e4 olemme ylpeit\u00e4 siit\u00e4, ett\u00e4 teemme yhteisty\u00f6t\u00e4 luotettavien kumppaneiden kanssa, jotka jakavat sitoutumisemme huippuosaamiseen, turvallisuuteen ja kest\u00e4vyyteen. T\u00e4lt\u00e4 sivulta l\u00f6yd\u00e4t kumppaniyritystemme sertifikaatit ja akkreditoinnit, jotka osoittavat niiden asiantuntemuksen, kansainv\u00e4listen standardien noudattamisen ja omistautumisen laadulle. 1. Yingli Yingli Energy Technology Group on BIPV-tuotteiden ja integroitujen aurinkoratkaisujen maailmanlaajuinen markkinajohtaja, joka on sitoutunut tuottamaan puhdasta [&hellip;]\" \/>\n<meta property=\"og:url\" content=\"https:\/\/ess.aema.fi\/fi\/credentials\/\" \/>\n<meta property=\"og:site_name\" content=\"AEMA OY\" \/>\n<meta property=\"article:modified_time\" content=\"2025-11-10T09:10:06+00:00\" \/>\n<meta property=\"og:image\" content=\"https:\/\/ess.aema.fi\/wp-content\/uploads\/elementor\/thumbs\/Yingli-Certificate-rdv70vwm72olk9j521udgg5ewq2dt7qsowuch9sdfk.png\" \/>\n<meta name=\"twitter:card\" content=\"summary_large_image\" \/>\n<meta name=\"twitter:label1\" content=\"Arvioitu lukuaika\" \/>\n\t<meta name=\"twitter:data1\" content=\"1 minuutti\" \/>\n<script type=\"application\/ld+json\" class=\"yoast-schema-graph\">{\"@context\":\"https:\\\/\\\/schema.org\",\"@graph\":[{\"@type\":\"WebPage\",\"@id\":\"https:\\\/\\\/ess.aema.fi\\\/fi\\\/credentials\\\/\",\"url\":\"https:\\\/\\\/ess.aema.fi\\\/fi\\\/credentials\\\/\",\"name\":\"Valtakirjat - AEMA OY\",\"isPartOf\":{\"@id\":\"https:\\\/\\\/ess.aema.fi\\\/fi\\\/#website\"},\"primaryImageOfPage\":{\"@id\":\"https:\\\/\\\/ess.aema.fi\\\/fi\\\/credentials\\\/#primaryimage\"},\"image\":{\"@id\":\"https:\\\/\\\/ess.aema.fi\\\/fi\\\/credentials\\\/#primaryimage\"},\"thumbnailUrl\":\"https:\\\/\\\/ess.aema.fi\\\/wp-content\\\/uploads\\\/elementor\\\/thumbs\\\/Yingli-Certificate-rdv70vwm72olk9j521udgg5ewq2dt7qsowuch9sdfk.png\",\"datePublished\":\"2025-10-07T05:45:26+00:00\",\"dateModified\":\"2025-11-10T09:10:06+00:00\",\"breadcrumb\":{\"@id\":\"https:\\\/\\\/ess.aema.fi\\\/fi\\\/credentials\\\/#breadcrumb\"},\"inLanguage\":\"fi\",\"potentialAction\":[{\"@type\":\"ReadAction\",\"target\":[\"https:\\\/\\\/ess.aema.fi\\\/fi\\\/credentials\\\/\"]}]},{\"@type\":\"ImageObject\",\"inLanguage\":\"fi\",\"@id\":\"https:\\\/\\\/ess.aema.fi\\\/fi\\\/credentials\\\/#primaryimage\",\"url\":\"https:\\\/\\\/ess.aema.fi\\\/wp-content\\\/uploads\\\/elementor\\\/thumbs\\\/Yingli-Certificate-rdv70vwm72olk9j521udgg5ewq2dt7qsowuch9sdfk.png\",\"contentUrl\":\"https:\\\/\\\/ess.aema.fi\\\/wp-content\\\/uploads\\\/elementor\\\/thumbs\\\/Yingli-Certificate-rdv70vwm72olk9j521udgg5ewq2dt7qsowuch9sdfk.png\"},{\"@type\":\"BreadcrumbList\",\"@id\":\"https:\\\/\\\/ess.aema.fi\\\/fi\\\/credentials\\\/#breadcrumb\",\"itemListElement\":[{\"@type\":\"ListItem\",\"position\":1,\"name\":\"Home\",\"item\":\"https:\\\/\\\/ess.aema.fi\\\/fi\\\/\"},{\"@type\":\"ListItem\",\"position\":2,\"name\":\"Valtakirjat\"}]},{\"@type\":\"WebSite\",\"@id\":\"https:\\\/\\\/ess.aema.fi\\\/fi\\\/#website\",\"url\":\"https:\\\/\\\/ess.aema.fi\\\/fi\\\/\",\"name\":\"AEMA OY\",\"description\":\"\",\"publisher\":{\"@id\":\"https:\\\/\\\/ess.aema.fi\\\/fi\\\/#organization\"},\"potentialAction\":[{\"@type\":\"SearchAction\",\"target\":{\"@type\":\"EntryPoint\",\"urlTemplate\":\"https:\\\/\\\/ess.aema.fi\\\/fi\\\/?s={search_term_string}\"},\"query-input\":{\"@type\":\"PropertyValueSpecification\",\"valueRequired\":true,\"valueName\":\"search_term_string\"}}],\"inLanguage\":\"fi\"},{\"@type\":\"Organization\",\"@id\":\"https:\\\/\\\/ess.aema.fi\\\/fi\\\/#organization\",\"name\":\"AEMA OY\",\"url\":\"https:\\\/\\\/ess.aema.fi\\\/fi\\\/\",\"logo\":{\"@type\":\"ImageObject\",\"inLanguage\":\"fi\",\"@id\":\"https:\\\/\\\/ess.aema.fi\\\/fi\\\/#\\\/schema\\\/logo\\\/image\\\/\",\"url\":\"https:\\\/\\\/ess.aema.fi\\\/wp-content\\\/uploads\\\/2025\\\/10\\\/main-logo-ess.png\",\"contentUrl\":\"https:\\\/\\\/ess.aema.fi\\\/wp-content\\\/uploads\\\/2025\\\/10\\\/main-logo-ess.png\",\"width\":711,\"height\":320,\"caption\":\"AEMA OY\"},\"image\":{\"@id\":\"https:\\\/\\\/ess.aema.fi\\\/fi\\\/#\\\/schema\\\/logo\\\/image\\\/\"}}]}<\/script>\n<!-- \/ Yoast SEO plugin. -->","yoast_head_json":{"title":"Valtakirjat - AEMA OY","robots":{"index":"index","follow":"follow","max-snippet":"max-snippet:-1","max-image-preview":"max-image-preview:large","max-video-preview":"max-video-preview:-1"},"canonical":"https:\/\/ess.aema.fi\/fi\/credentials\/","og_locale":"fi_FI","og_type":"article","og_title":"Valtakirjat - AEMA OY","og_description":"Valtakirjat Me AEMA OY:ss\u00e4 olemme ylpeit\u00e4 siit\u00e4, ett\u00e4 teemme yhteisty\u00f6t\u00e4 luotettavien kumppaneiden kanssa, jotka jakavat sitoutumisemme huippuosaamiseen, turvallisuuteen ja kest\u00e4vyyteen. T\u00e4lt\u00e4 sivulta l\u00f6yd\u00e4t kumppaniyritystemme sertifikaatit ja akkreditoinnit, jotka osoittavat niiden asiantuntemuksen, kansainv\u00e4listen standardien noudattamisen ja omistautumisen laadulle. 1. Yingli Yingli Energy Technology Group on BIPV-tuotteiden ja integroitujen aurinkoratkaisujen maailmanlaajuinen markkinajohtaja, joka on sitoutunut tuottamaan puhdasta [&hellip;]","og_url":"https:\/\/ess.aema.fi\/fi\/credentials\/","og_site_name":"AEMA OY","article_modified_time":"2025-11-10T09:10:06+00:00","og_image":[{"url":"https:\/\/ess.aema.fi\/wp-content\/uploads\/elementor\/thumbs\/Yingli-Certificate-rdv70vwm72olk9j521udgg5ewq2dt7qsowuch9sdfk.png","type":"","width":"","height":""}],"twitter_card":"summary_large_image","twitter_misc":{"Arvioitu lukuaika":"1 minuutti"},"schema":{"@context":"https:\/\/schema.org","@graph":[{"@type":"WebPage","@id":"https:\/\/ess.aema.fi\/fi\/credentials\/","url":"https:\/\/ess.aema.fi\/fi\/credentials\/","name":"Valtakirjat - AEMA OY","isPartOf":{"@id":"https:\/\/ess.aema.fi\/fi\/#website"},"primaryImageOfPage":{"@id":"https:\/\/ess.aema.fi\/fi\/credentials\/#primaryimage"},"image":{"@id":"https:\/\/ess.aema.fi\/fi\/credentials\/#primaryimage"},"thumbnailUrl":"https:\/\/ess.aema.fi\/wp-content\/uploads\/elementor\/thumbs\/Yingli-Certificate-rdv70vwm72olk9j521udgg5ewq2dt7qsowuch9sdfk.png","datePublished":"2025-10-07T05:45:26+00:00","dateModified":"2025-11-10T09:10:06+00:00","breadcrumb":{"@id":"https:\/\/ess.aema.fi\/fi\/credentials\/#breadcrumb"},"inLanguage":"fi","potentialAction":[{"@type":"ReadAction","target":["https:\/\/ess.aema.fi\/fi\/credentials\/"]}]},{"@type":"ImageObject","inLanguage":"fi","@id":"https:\/\/ess.aema.fi\/fi\/credentials\/#primaryimage","url":"https:\/\/ess.aema.fi\/wp-content\/uploads\/elementor\/thumbs\/Yingli-Certificate-rdv70vwm72olk9j521udgg5ewq2dt7qsowuch9sdfk.png","contentUrl":"https:\/\/ess.aema.fi\/wp-content\/uploads\/elementor\/thumbs\/Yingli-Certificate-rdv70vwm72olk9j521udgg5ewq2dt7qsowuch9sdfk.png"},{"@type":"BreadcrumbList","@id":"https:\/\/ess.aema.fi\/fi\/credentials\/#breadcrumb","itemListElement":[{"@type":"ListItem","position":1,"name":"Home","item":"https:\/\/ess.aema.fi\/fi\/"},{"@type":"ListItem","position":2,"name":"Valtakirjat"}]},{"@type":"WebSite","@id":"https:\/\/ess.aema.fi\/fi\/#website","url":"https:\/\/ess.aema.fi\/fi\/","name":"AEMA OY","description":"","publisher":{"@id":"https:\/\/ess.aema.fi\/fi\/#organization"},"potentialAction":[{"@type":"SearchAction","target":{"@type":"EntryPoint","urlTemplate":"https:\/\/ess.aema.fi\/fi\/?s={search_term_string}"},"query-input":{"@type":"PropertyValueSpecification","valueRequired":true,"valueName":"search_term_string"}}],"inLanguage":"fi"},{"@type":"Organization","@id":"https:\/\/ess.aema.fi\/fi\/#organization","name":"AEMA OY","url":"https:\/\/ess.aema.fi\/fi\/","logo":{"@type":"ImageObject","inLanguage":"fi","@id":"https:\/\/ess.aema.fi\/fi\/#\/schema\/logo\/image\/","url":"https:\/\/ess.aema.fi\/wp-content\/uploads\/2025\/10\/main-logo-ess.png","contentUrl":"https:\/\/ess.aema.fi\/wp-content\/uploads\/2025\/10\/main-logo-ess.png","width":711,"height":320,"caption":"AEMA OY"},"image":{"@id":"https:\/\/ess.aema.fi\/fi\/#\/schema\/logo\/image\/"}}]}},"_links":{"self":[{"href":"https:\/\/ess.aema.fi\/fi\/wp-json\/wp\/v2\/pages\/3734","targetHints":{"allow":["GET"]}}],"collection":[{"href":"https:\/\/ess.aema.fi\/fi\/wp-json\/wp\/v2\/pages"}],"about":[{"href":"https:\/\/ess.aema.fi\/fi\/wp-json\/wp\/v2\/types\/page"}],"author":[{"embeddable":true,"href":"https:\/\/ess.aema.fi\/fi\/wp-json\/wp\/v2\/users\/1"}],"replies":[{"embeddable":true,"href":"https:\/\/ess.aema.fi\/fi\/wp-json\/wp\/v2\/comments?post=3734"}],"version-history":[{"count":2,"href":"https:\/\/ess.aema.fi\/fi\/wp-json\/wp\/v2\/pages\/3734\/revisions"}],"predecessor-version":[{"id":3740,"href":"https:\/\/ess.aema.fi\/fi\/wp-json\/wp\/v2\/pages\/3734\/revisions\/3740"}],"wp:attachment":[{"href":"https:\/\/ess.aema.fi\/fi\/wp-json\/wp\/v2\/media?parent=3734"}],"curies":[{"name":"wp","href":"https:\/\/api.w.org\/{rel}","templated":true}]}}