{"id":3540,"date":"2025-10-07T07:45:26","date_gmt":"2025-10-07T05:45:26","guid":{"rendered":"https:\/\/ess.aema.fi\/credentials\/"},"modified":"2025-11-10T11:09:04","modified_gmt":"2025-11-10T09:09:04","slug":"credentials","status":"publish","type":"page","link":"https:\/\/ess.aema.fi\/pl\/credentials\/","title":{"rendered":"Po\u015bwiadczenia"},"content":{"rendered":"\t\t<div data-elementor-type=\"wp-page\" data-elementor-id=\"3540\" class=\"elementor elementor-3540 elementor-37\" data-elementor-post-type=\"page\">\n\t\t\t\t<div class=\"elementor-element elementor-element-722737f e-flex e-con-boxed e-con e-parent\" data-id=\"722737f\" data-element_type=\"container\" data-e-type=\"container\" data-settings=\"{&quot;background_background&quot;:&quot;classic&quot;}\">\n\t\t\t\t\t<div class=\"e-con-inner\">\n\t\t<div class=\"elementor-element elementor-element-5f378ef e-con-full e-flex e-con e-child\" data-id=\"5f378ef\" data-element_type=\"container\" data-e-type=\"container\">\n\t\t<div class=\"elementor-element elementor-element-dd3d0de e-con-full e-flex e-con e-child\" data-id=\"dd3d0de\" data-element_type=\"container\" data-e-type=\"container\">\n\t\t\t\t<div class=\"elementor-element elementor-element-b2392a6 elementor-widget elementor-widget-heading\" data-id=\"b2392a6\" data-element_type=\"widget\" data-e-type=\"widget\" data-widget_type=\"heading.default\">\n\t\t\t\t\t<h2 class=\"elementor-heading-title elementor-size-default\">Po\u015bwiadczenia<\/h2>\t\t\t\t<\/div>\n\t\t\t\t<\/div>\n\t\t\t\t<\/div>\n\t\t\t\t\t<\/div>\n\t\t\t\t<\/div>\n\t\t<div class=\"elementor-element elementor-element-71528bf e-flex e-con-boxed e-con e-parent\" data-id=\"71528bf\" data-element_type=\"container\" data-e-type=\"container\">\n\t\t\t\t\t<div class=\"e-con-inner\">\n\t\t<div class=\"elementor-element elementor-element-1c426ef e-con-full e-flex e-con e-child\" data-id=\"1c426ef\" data-element_type=\"container\" data-e-type=\"container\">\n\t\t\t\t<div class=\"elementor-element elementor-element-55ae07d elementor-widget elementor-widget-heading\" data-id=\"55ae07d\" data-element_type=\"widget\" data-e-type=\"widget\" data-widget_type=\"heading.default\">\n\t\t\t\t\t<h2 class=\"elementor-heading-title elementor-size-default\">W AEMA OY jeste\u015bmy dumni ze wsp\u00f3\u0142pracy z zaufanymi partnerami, kt\u00f3rzy podzielaj\u0105 nasze zaanga\u017cowanie w doskona\u0142o\u015b\u0107, bezpiecze\u0144stwo i zr\u00f3wnowa\u017cony rozw\u00f3j. Na tej stronie znajdziesz certyfikaty i akredytacje naszych firm partnerskich, prezentuj\u0105ce ich do\u015bwiadczenie, zgodno\u015b\u0107 z mi\u0119dzynarodowymi standardami i zaanga\u017cowanie w jako\u015b\u0107. <\/h2>\t\t\t\t<\/div>\n\t\t<div class=\"elementor-element elementor-element-d368ea6 e-grid e-con-full e-con e-child\" data-id=\"d368ea6\" data-element_type=\"container\" data-e-type=\"container\">\n\t\t<div class=\"elementor-element elementor-element-0cfbaa7 e-con-full e-flex e-con e-child\" data-id=\"0cfbaa7\" data-element_type=\"container\" data-e-type=\"container\">\n\t\t\t\t<div class=\"elementor-element elementor-element-8a27ed8 elementor-widget elementor-widget-heading\" data-id=\"8a27ed8\" data-element_type=\"widget\" data-e-type=\"widget\" data-widget_type=\"heading.default\">\n\t\t\t\t\t<h2 class=\"elementor-heading-title elementor-size-default\">1. Yingli<\/h2>\t\t\t\t<\/div>\n\t\t\t\t<div class=\"elementor-element elementor-element-1859bd3 elementor-widget elementor-widget-image\" data-id=\"1859bd3\" data-element_type=\"widget\" data-e-type=\"widget\" data-widget_type=\"image.default\">\n\t\t\t\t\t\t\t\t\t\t\t\t\t\t\t<img decoding=\"async\" src=\"https:\/\/ess.aema.fi\/wp-content\/uploads\/elementor\/thumbs\/Yingli-Certificate-rdv70vwm72olk9j521udgg5ewq2dt7qsowuch9sdfk.png\" title=\"Certyfikat Yingli\" alt=\"Certyfikat Yingli\" loading=\"lazy\" \/>\t\t\t\t\t\t\t\t\t\t\t\t\t\t\t<\/div>\n\t\t\t\t<div class=\"elementor-element elementor-element-961147d elementor-widget elementor-widget-text-editor\" data-id=\"961147d\" data-element_type=\"widget\" data-e-type=\"widget\" data-widget_type=\"text-editor.default\">\n\t\t\t\t\t\t\t\t\t<p>Yingli Energy Technology Group jest \u015bwiatowym liderem w dziedzinie produkt\u00f3w BIPV i zintegrowanych rozwi\u0105za\u0144 solarnych, zaanga\u017cowanym w dostarczanie czystej energii dla wszystkich i przyczyniaj\u0105cym si\u0119 do bezemisyjnej przysz\u0142o\u015bci.<\/p><p><a href=\"https:\/\/epc.aema.fi\/wp-content\/uploads\/2025\/04\/Yungli.pdf\" target=\"_blank\" rel=\"noopener\">Pobierz certyfikat<\/a><\/p>\t\t\t\t\t\t\t\t<\/div>\n\t\t\t\t<\/div>\n\t\t<div class=\"elementor-element elementor-element-dbe0352 e-con-full e-flex e-con e-child\" data-id=\"dbe0352\" data-element_type=\"container\" data-e-type=\"container\">\n\t\t\t\t<div class=\"elementor-element elementor-element-34710c2 elementor-widget elementor-widget-heading\" data-id=\"34710c2\" data-element_type=\"widget\" data-e-type=\"widget\" data-widget_type=\"heading.default\">\n\t\t\t\t\t<h2 class=\"elementor-heading-title elementor-size-default\">2. Zwi\u0119kszenie nas\u0142onecznienia<\/h2>\t\t\t\t<\/div>\n\t\t\t\t<div class=\"elementor-element elementor-element-077451d elementor-widget elementor-widget-image\" data-id=\"077451d\" data-element_type=\"widget\" data-e-type=\"widget\" data-widget_type=\"image.default\">\n\t\t\t\t\t\t\t\t\t\t\t\t\t\t\t<img decoding=\"async\" src=\"https:\/\/ess.aema.fi\/wp-content\/uploads\/elementor\/thumbs\/GAIN_SOLAR-e1761919157241-re0qkq1cv2scwh4l4h75u1ujochdxrpuaoemlb59ts.png\" title=\"GAIN_SOLAR\" alt=\"GAIN_SOLAR\" loading=\"lazy\" \/>\t\t\t\t\t\t\t\t\t\t\t\t\t\t\t<\/div>\n\t\t\t\t<div class=\"elementor-element elementor-element-5cd744d elementor-widget elementor-widget-text-editor\" data-id=\"5cd744d\" data-element_type=\"widget\" data-e-type=\"widget\" data-widget_type=\"text-editor.default\">\n\t\t\t\t\t\t\t\t\t<p>Gain Solar, sp\u00f3\u0142ka zale\u017cna Yingli Group, jest wiod\u0105cym dostawc\u0105 rozwi\u0105za\u0144 neutralnych pod wzgl\u0119dem emisji dwutlenku w\u0119gla. Od 2007 roku firma koncentruje si\u0119 na dostarczaniu innowacyjnych materia\u0142\u00f3w fotowoltaicznych zintegrowanych z budynkami (BIPV), w tym p\u0142ytek solarnych i paneli pod\u0142ogowych. Jej wizj\u0105 jest umo\u017cliwienie generowania energii s\u0142onecznej z ka\u017cdej powierzchni wystawionej na dzia\u0142anie promieni s\u0142onecznych.  <\/p><p><a href=\"https:\/\/epc.aema.fi\/wp-content\/uploads\/2025\/04\/Authorization_letter_AEMA.pdf\" target=\"_blank\" rel=\"noopener\">Pobierz list autoryzacyjny<\/a><\/p>\t\t\t\t\t\t\t\t<\/div>\n\t\t\t\t<\/div>\n\t\t<div class=\"elementor-element elementor-element-2adae46 e-con-full e-flex e-con e-child\" data-id=\"2adae46\" data-element_type=\"container\" data-e-type=\"container\">\n\t\t\t\t<div class=\"elementor-element elementor-element-e46ac6b elementor-widget elementor-widget-heading\" data-id=\"e46ac6b\" data-element_type=\"widget\" data-e-type=\"widget\" data-widget_type=\"heading.default\">\n\t\t\t\t\t<h2 class=\"elementor-heading-title elementor-size-default\">3. Fizyczne i finansowe rynki energii przez akademi\u0119 Nord Pool<\/h2>\t\t\t\t<\/div>\n\t\t\t\t<div class=\"elementor-element elementor-element-ca63418 elementor-widget elementor-widget-image\" data-id=\"ca63418\" data-element_type=\"widget\" data-e-type=\"widget\" data-widget_type=\"image.default\">\n\t\t\t\t\t\t\t\t\t\t\t\t\t\t\t<img decoding=\"async\" src=\"https:\/\/ess.aema.fi\/wp-content\/uploads\/elementor\/thumbs\/NP-1-rdv70pbqv8flazsp4gzzgzt6r0ytbc0oc09y4c24n4.png\" title=\"NP-1\" alt=\"NP-1\" loading=\"lazy\" \/>\t\t\t\t\t\t\t\t\t\t\t\t\t\t\t<\/div>\n\t\t\t\t<div class=\"elementor-element elementor-element-7ef4096 elementor-widget elementor-widget-text-editor\" data-id=\"7ef4096\" data-element_type=\"widget\" data-e-type=\"widget\" data-widget_type=\"text-editor.default\">\n\t\t\t\t\t\t\t\t\t<p>Nord Pool to pierwsza na \u015bwiecie gie\u0142da energii i pierwsza mi\u0119dzynarodowa platforma handlu energi\u0105. Obchodz\u0105ca w 2023 r. 30. rocznic\u0119 powstania, Nord Pool obejmuje zar\u00f3wno komercyjn\u0105 gie\u0142d\u0119 energii, jak i europejskiego operatora \u0142\u0105czenia rynk\u00f3w. Powsta\u0142y w Norwegii jako Statnett Marked, Nord Pool by\u0142 pionierem mi\u0119dzynarodowego handlu energi\u0105 elektryczn\u0105, uruchamiaj\u0105c w 1996 r. norwesko-szwedzk\u0105 gie\u0142d\u0119 &#8211; ustanawiaj\u0105c nazw\u0119 Nord Pool i pierwszy na \u015bwiecie transgraniczny rynek energii elektrycznej.  <\/p><p><a href=\"https:\/\/epc.aema.fi\/wp-content\/uploads\/2025\/04\/ThePhysicalandFinancialPowerMarkets_Badge20250403-28-h3oh6h.pdf\" target=\"_blank\" rel=\"noopener\">Pobierz certyfikat<\/a><\/p>\t\t\t\t\t\t\t\t<\/div>\n\t\t\t\t<\/div>\n\t\t\t\t<\/div>\n\t\t\t\t<div class=\"elementor-element elementor-element-ac246ea elementor-widget elementor-widget-text-editor\" data-id=\"ac246ea\" data-element_type=\"widget\" data-e-type=\"widget\" data-widget_type=\"text-editor.default\">\n\t\t\t\t\t\t\t\t\t<p>Te referencje s\u0105 \u015bwiadectwem wysokich standard\u00f3w utrzymywanych w ca\u0142ej naszej sieci &#8211; zapewniaj\u0105c niezawodn\u0105, wydajn\u0105 i odpowiedzialn\u0105 realizacj\u0119 projekt\u00f3w.<\/p>\t\t\t\t\t\t\t\t<\/div>\n\t\t\t\t<\/div>\n\t\t\t\t\t<\/div>\n\t\t\t\t<\/div>\n\t\t\t\t<\/div>\n\t\t","protected":false},"excerpt":{"rendered":"<p>Po\u015bwiadczenia W AEMA OY jeste\u015bmy dumni ze wsp\u00f3\u0142pracy z zaufanymi partnerami, kt\u00f3rzy podzielaj\u0105 nasze zaanga\u017cowanie w doskona\u0142o\u015b\u0107, bezpiecze\u0144stwo i zr\u00f3wnowa\u017cony rozw\u00f3j. Na tej stronie znajdziesz certyfikaty i akredytacje naszych firm partnerskich, prezentuj\u0105ce ich do\u015bwiadczenie, zgodno\u015b\u0107 z mi\u0119dzynarodowymi standardami i zaanga\u017cowanie w jako\u015b\u0107. 1. Yingli Yingli Energy Technology Group jest \u015bwiatowym liderem w dziedzinie produkt\u00f3w BIPV [&hellip;]<\/p>\n","protected":false},"author":1,"featured_media":0,"parent":0,"menu_order":0,"comment_status":"closed","ping_status":"closed","template":"","meta":{"site-sidebar-layout":"no-sidebar","site-content-layout":"","ast-site-content-layout":"full-width-container","site-content-style":"default","site-sidebar-style":"default","ast-global-header-display":"","ast-banner-title-visibility":"","ast-main-header-display":"","ast-hfb-above-header-display":"","ast-hfb-below-header-display":"","ast-hfb-mobile-header-display":"","site-post-title":"disabled","ast-breadcrumbs-content":"","ast-featured-img":"disabled","footer-sml-layout":"","theme-transparent-header-meta":"","adv-header-id-meta":"","stick-header-meta":"","header-above-stick-meta":"","header-main-stick-meta":"","header-below-stick-meta":"","astra-migrate-meta-layouts":"default","ast-page-background-enabled":"default","ast-page-background-meta":{"desktop":{"background-color":"var(--ast-global-color-5)","background-image":"","background-repeat":"repeat","background-position":"center center","background-size":"auto","background-attachment":"scroll","background-type":"","background-media":"","overlay-type":"","overlay-color":"","overlay-opacity":"","overlay-gradient":""},"tablet":{"background-color":"","background-image":"","background-repeat":"repeat","background-position":"center center","background-size":"auto","background-attachment":"scroll","background-type":"","background-media":"","overlay-type":"","overlay-color":"","overlay-opacity":"","overlay-gradient":""},"mobile":{"background-color":"","background-image":"","background-repeat":"repeat","background-position":"center center","background-size":"auto","background-attachment":"scroll","background-type":"","background-media":"","overlay-type":"","overlay-color":"","overlay-opacity":"","overlay-gradient":""}},"ast-content-background-meta":{"desktop":{"background-color":"var(--ast-global-color-4)","background-image":"","background-repeat":"repeat","background-position":"center center","background-size":"auto","background-attachment":"scroll","background-type":"","background-media":"","overlay-type":"","overlay-color":"","overlay-opacity":"","overlay-gradient":""},"tablet":{"background-color":"var(--ast-global-color-4)","background-image":"","background-repeat":"repeat","background-position":"center center","background-size":"auto","background-attachment":"scroll","background-type":"","background-media":"","overlay-type":"","overlay-color":"","overlay-opacity":"","overlay-gradient":""},"mobile":{"background-color":"var(--ast-global-color-4)","background-image":"","background-repeat":"repeat","background-position":"center center","background-size":"auto","background-attachment":"scroll","background-type":"","background-media":"","overlay-type":"","overlay-color":"","overlay-opacity":"","overlay-gradient":""}},"footnotes":""},"class_list":["post-3540","page","type-page","status-publish","hentry"],"yoast_head":"<!-- This site is optimized with the Yoast SEO plugin v27.5 - https:\/\/yoast.com\/product\/yoast-seo-wordpress\/ -->\n<title>Po\u015bwiadczenia - AEMA OY<\/title>\n<meta name=\"robots\" content=\"index, follow, max-snippet:-1, max-image-preview:large, max-video-preview:-1\" \/>\n<link rel=\"canonical\" href=\"https:\/\/ess.aema.fi\/pl\/credentials\/\" \/>\n<meta property=\"og:locale\" content=\"pl_PL\" \/>\n<meta property=\"og:type\" content=\"article\" \/>\n<meta property=\"og:title\" content=\"Po\u015bwiadczenia - AEMA OY\" \/>\n<meta property=\"og:description\" content=\"Po\u015bwiadczenia W AEMA OY jeste\u015bmy dumni ze wsp\u00f3\u0142pracy z zaufanymi partnerami, kt\u00f3rzy podzielaj\u0105 nasze zaanga\u017cowanie w doskona\u0142o\u015b\u0107, bezpiecze\u0144stwo i zr\u00f3wnowa\u017cony rozw\u00f3j. Na tej stronie znajdziesz certyfikaty i akredytacje naszych firm partnerskich, prezentuj\u0105ce ich do\u015bwiadczenie, zgodno\u015b\u0107 z mi\u0119dzynarodowymi standardami i zaanga\u017cowanie w jako\u015b\u0107. 1. Yingli Yingli Energy Technology Group jest \u015bwiatowym liderem w dziedzinie produkt\u00f3w BIPV [&hellip;]\" \/>\n<meta property=\"og:url\" content=\"https:\/\/ess.aema.fi\/pl\/credentials\/\" \/>\n<meta property=\"og:site_name\" content=\"AEMA OY\" \/>\n<meta property=\"article:modified_time\" content=\"2025-11-10T09:09:04+00:00\" \/>\n<meta property=\"og:image\" content=\"https:\/\/ess.aema.fi\/wp-content\/uploads\/elementor\/thumbs\/Yingli-Certificate-rdv70vwm72olk9j521udgg5ewq2dt7qsowuch9sdfk.png\" \/>\n<meta name=\"twitter:card\" content=\"summary_large_image\" \/>\n<meta name=\"twitter:label1\" content=\"Szacowany czas czytania\" \/>\n\t<meta name=\"twitter:data1\" content=\"1 minuta\" \/>\n<script type=\"application\/ld+json\" class=\"yoast-schema-graph\">{\"@context\":\"https:\\\/\\\/schema.org\",\"@graph\":[{\"@type\":\"WebPage\",\"@id\":\"https:\\\/\\\/ess.aema.fi\\\/pl\\\/credentials\\\/\",\"url\":\"https:\\\/\\\/ess.aema.fi\\\/pl\\\/credentials\\\/\",\"name\":\"Po\u015bwiadczenia - AEMA OY\",\"isPartOf\":{\"@id\":\"https:\\\/\\\/ess.aema.fi\\\/pl\\\/#website\"},\"primaryImageOfPage\":{\"@id\":\"https:\\\/\\\/ess.aema.fi\\\/pl\\\/credentials\\\/#primaryimage\"},\"image\":{\"@id\":\"https:\\\/\\\/ess.aema.fi\\\/pl\\\/credentials\\\/#primaryimage\"},\"thumbnailUrl\":\"https:\\\/\\\/ess.aema.fi\\\/wp-content\\\/uploads\\\/elementor\\\/thumbs\\\/Yingli-Certificate-rdv70vwm72olk9j521udgg5ewq2dt7qsowuch9sdfk.png\",\"datePublished\":\"2025-10-07T05:45:26+00:00\",\"dateModified\":\"2025-11-10T09:09:04+00:00\",\"breadcrumb\":{\"@id\":\"https:\\\/\\\/ess.aema.fi\\\/pl\\\/credentials\\\/#breadcrumb\"},\"inLanguage\":\"pl-PL\",\"potentialAction\":[{\"@type\":\"ReadAction\",\"target\":[\"https:\\\/\\\/ess.aema.fi\\\/pl\\\/credentials\\\/\"]}]},{\"@type\":\"ImageObject\",\"inLanguage\":\"pl-PL\",\"@id\":\"https:\\\/\\\/ess.aema.fi\\\/pl\\\/credentials\\\/#primaryimage\",\"url\":\"https:\\\/\\\/ess.aema.fi\\\/wp-content\\\/uploads\\\/elementor\\\/thumbs\\\/Yingli-Certificate-rdv70vwm72olk9j521udgg5ewq2dt7qsowuch9sdfk.png\",\"contentUrl\":\"https:\\\/\\\/ess.aema.fi\\\/wp-content\\\/uploads\\\/elementor\\\/thumbs\\\/Yingli-Certificate-rdv70vwm72olk9j521udgg5ewq2dt7qsowuch9sdfk.png\"},{\"@type\":\"BreadcrumbList\",\"@id\":\"https:\\\/\\\/ess.aema.fi\\\/pl\\\/credentials\\\/#breadcrumb\",\"itemListElement\":[{\"@type\":\"ListItem\",\"position\":1,\"name\":\"Home\",\"item\":\"https:\\\/\\\/ess.aema.fi\\\/pl\\\/home\\\/\"},{\"@type\":\"ListItem\",\"position\":2,\"name\":\"Po\u015bwiadczenia\"}]},{\"@type\":\"WebSite\",\"@id\":\"https:\\\/\\\/ess.aema.fi\\\/pl\\\/#website\",\"url\":\"https:\\\/\\\/ess.aema.fi\\\/pl\\\/\",\"name\":\"AEMA OY\",\"description\":\"\",\"publisher\":{\"@id\":\"https:\\\/\\\/ess.aema.fi\\\/pl\\\/#organization\"},\"potentialAction\":[{\"@type\":\"SearchAction\",\"target\":{\"@type\":\"EntryPoint\",\"urlTemplate\":\"https:\\\/\\\/ess.aema.fi\\\/pl\\\/?s={search_term_string}\"},\"query-input\":{\"@type\":\"PropertyValueSpecification\",\"valueRequired\":true,\"valueName\":\"search_term_string\"}}],\"inLanguage\":\"pl-PL\"},{\"@type\":\"Organization\",\"@id\":\"https:\\\/\\\/ess.aema.fi\\\/pl\\\/#organization\",\"name\":\"AEMA OY\",\"url\":\"https:\\\/\\\/ess.aema.fi\\\/pl\\\/\",\"logo\":{\"@type\":\"ImageObject\",\"inLanguage\":\"pl-PL\",\"@id\":\"https:\\\/\\\/ess.aema.fi\\\/pl\\\/#\\\/schema\\\/logo\\\/image\\\/\",\"url\":\"https:\\\/\\\/ess.aema.fi\\\/wp-content\\\/uploads\\\/2025\\\/10\\\/main-logo-ess.png\",\"contentUrl\":\"https:\\\/\\\/ess.aema.fi\\\/wp-content\\\/uploads\\\/2025\\\/10\\\/main-logo-ess.png\",\"width\":711,\"height\":320,\"caption\":\"AEMA OY\"},\"image\":{\"@id\":\"https:\\\/\\\/ess.aema.fi\\\/pl\\\/#\\\/schema\\\/logo\\\/image\\\/\"}}]}<\/script>\n<!-- \/ Yoast SEO plugin. -->","yoast_head_json":{"title":"Po\u015bwiadczenia - AEMA OY","robots":{"index":"index","follow":"follow","max-snippet":"max-snippet:-1","max-image-preview":"max-image-preview:large","max-video-preview":"max-video-preview:-1"},"canonical":"https:\/\/ess.aema.fi\/pl\/credentials\/","og_locale":"pl_PL","og_type":"article","og_title":"Po\u015bwiadczenia - AEMA OY","og_description":"Po\u015bwiadczenia W AEMA OY jeste\u015bmy dumni ze wsp\u00f3\u0142pracy z zaufanymi partnerami, kt\u00f3rzy podzielaj\u0105 nasze zaanga\u017cowanie w doskona\u0142o\u015b\u0107, bezpiecze\u0144stwo i zr\u00f3wnowa\u017cony rozw\u00f3j. Na tej stronie znajdziesz certyfikaty i akredytacje naszych firm partnerskich, prezentuj\u0105ce ich do\u015bwiadczenie, zgodno\u015b\u0107 z mi\u0119dzynarodowymi standardami i zaanga\u017cowanie w jako\u015b\u0107. 1. Yingli Yingli Energy Technology Group jest \u015bwiatowym liderem w dziedzinie produkt\u00f3w BIPV [&hellip;]","og_url":"https:\/\/ess.aema.fi\/pl\/credentials\/","og_site_name":"AEMA OY","article_modified_time":"2025-11-10T09:09:04+00:00","og_image":[{"url":"https:\/\/ess.aema.fi\/wp-content\/uploads\/elementor\/thumbs\/Yingli-Certificate-rdv70vwm72olk9j521udgg5ewq2dt7qsowuch9sdfk.png","type":"","width":"","height":""}],"twitter_card":"summary_large_image","twitter_misc":{"Szacowany czas czytania":"1 minuta"},"schema":{"@context":"https:\/\/schema.org","@graph":[{"@type":"WebPage","@id":"https:\/\/ess.aema.fi\/pl\/credentials\/","url":"https:\/\/ess.aema.fi\/pl\/credentials\/","name":"Po\u015bwiadczenia - AEMA OY","isPartOf":{"@id":"https:\/\/ess.aema.fi\/pl\/#website"},"primaryImageOfPage":{"@id":"https:\/\/ess.aema.fi\/pl\/credentials\/#primaryimage"},"image":{"@id":"https:\/\/ess.aema.fi\/pl\/credentials\/#primaryimage"},"thumbnailUrl":"https:\/\/ess.aema.fi\/wp-content\/uploads\/elementor\/thumbs\/Yingli-Certificate-rdv70vwm72olk9j521udgg5ewq2dt7qsowuch9sdfk.png","datePublished":"2025-10-07T05:45:26+00:00","dateModified":"2025-11-10T09:09:04+00:00","breadcrumb":{"@id":"https:\/\/ess.aema.fi\/pl\/credentials\/#breadcrumb"},"inLanguage":"pl-PL","potentialAction":[{"@type":"ReadAction","target":["https:\/\/ess.aema.fi\/pl\/credentials\/"]}]},{"@type":"ImageObject","inLanguage":"pl-PL","@id":"https:\/\/ess.aema.fi\/pl\/credentials\/#primaryimage","url":"https:\/\/ess.aema.fi\/wp-content\/uploads\/elementor\/thumbs\/Yingli-Certificate-rdv70vwm72olk9j521udgg5ewq2dt7qsowuch9sdfk.png","contentUrl":"https:\/\/ess.aema.fi\/wp-content\/uploads\/elementor\/thumbs\/Yingli-Certificate-rdv70vwm72olk9j521udgg5ewq2dt7qsowuch9sdfk.png"},{"@type":"BreadcrumbList","@id":"https:\/\/ess.aema.fi\/pl\/credentials\/#breadcrumb","itemListElement":[{"@type":"ListItem","position":1,"name":"Home","item":"https:\/\/ess.aema.fi\/pl\/home\/"},{"@type":"ListItem","position":2,"name":"Po\u015bwiadczenia"}]},{"@type":"WebSite","@id":"https:\/\/ess.aema.fi\/pl\/#website","url":"https:\/\/ess.aema.fi\/pl\/","name":"AEMA OY","description":"","publisher":{"@id":"https:\/\/ess.aema.fi\/pl\/#organization"},"potentialAction":[{"@type":"SearchAction","target":{"@type":"EntryPoint","urlTemplate":"https:\/\/ess.aema.fi\/pl\/?s={search_term_string}"},"query-input":{"@type":"PropertyValueSpecification","valueRequired":true,"valueName":"search_term_string"}}],"inLanguage":"pl-PL"},{"@type":"Organization","@id":"https:\/\/ess.aema.fi\/pl\/#organization","name":"AEMA OY","url":"https:\/\/ess.aema.fi\/pl\/","logo":{"@type":"ImageObject","inLanguage":"pl-PL","@id":"https:\/\/ess.aema.fi\/pl\/#\/schema\/logo\/image\/","url":"https:\/\/ess.aema.fi\/wp-content\/uploads\/2025\/10\/main-logo-ess.png","contentUrl":"https:\/\/ess.aema.fi\/wp-content\/uploads\/2025\/10\/main-logo-ess.png","width":711,"height":320,"caption":"AEMA OY"},"image":{"@id":"https:\/\/ess.aema.fi\/pl\/#\/schema\/logo\/image\/"}}]}},"_links":{"self":[{"href":"https:\/\/ess.aema.fi\/pl\/wp-json\/wp\/v2\/pages\/3540","targetHints":{"allow":["GET"]}}],"collection":[{"href":"https:\/\/ess.aema.fi\/pl\/wp-json\/wp\/v2\/pages"}],"about":[{"href":"https:\/\/ess.aema.fi\/pl\/wp-json\/wp\/v2\/types\/page"}],"author":[{"embeddable":true,"href":"https:\/\/ess.aema.fi\/pl\/wp-json\/wp\/v2\/users\/1"}],"replies":[{"embeddable":true,"href":"https:\/\/ess.aema.fi\/pl\/wp-json\/wp\/v2\/comments?post=3540"}],"version-history":[{"count":2,"href":"https:\/\/ess.aema.fi\/pl\/wp-json\/wp\/v2\/pages\/3540\/revisions"}],"predecessor-version":[{"id":3551,"href":"https:\/\/ess.aema.fi\/pl\/wp-json\/wp\/v2\/pages\/3540\/revisions\/3551"}],"wp:attachment":[{"href":"https:\/\/ess.aema.fi\/pl\/wp-json\/wp\/v2\/media?parent=3540"}],"curies":[{"name":"wp","href":"https:\/\/api.w.org\/{rel}","templated":true}]}}