{"id":3556,"date":"2025-10-31T11:12:07","date_gmt":"2025-10-31T09:12:07","guid":{"rendered":"https:\/\/ess.aema.fi\/privacy-policy\/"},"modified":"2025-11-10T11:09:04","modified_gmt":"2025-11-10T09:09:04","slug":"privacy-policy","status":"publish","type":"page","link":"https:\/\/ess.aema.fi\/pl\/privacy-policy\/","title":{"rendered":"Polityka prywatno\u015bci"},"content":{"rendered":"\t\t<div data-elementor-type=\"wp-page\" data-elementor-id=\"3556\" class=\"elementor elementor-3556 elementor-2720\" data-elementor-post-type=\"page\">\n\t\t\t\t<div class=\"elementor-element elementor-element-634d862 e-flex e-con-boxed e-con e-parent\" data-id=\"634d862\" data-element_type=\"container\" data-e-type=\"container\" data-settings=\"{&quot;background_background&quot;:&quot;classic&quot;}\">\n\t\t\t\t\t<div class=\"e-con-inner\">\n\t\t<div class=\"elementor-element elementor-element-7fe2550 e-con-full e-flex e-con e-child\" data-id=\"7fe2550\" data-element_type=\"container\" data-e-type=\"container\">\n\t\t<div class=\"elementor-element elementor-element-c6dbe3b e-con-full e-flex e-con e-child\" data-id=\"c6dbe3b\" data-element_type=\"container\" data-e-type=\"container\">\n\t\t\t\t<div class=\"elementor-element elementor-element-2605fd3 elementor-widget elementor-widget-heading\" data-id=\"2605fd3\" data-element_type=\"widget\" data-e-type=\"widget\" data-widget_type=\"heading.default\">\n\t\t\t\t\t<h2 class=\"elementor-heading-title elementor-size-default\">Polityka prywatno\u015bci<\/h2>\t\t\t\t<\/div>\n\t\t\t\t<\/div>\n\t\t\t\t<\/div>\n\t\t\t\t\t<\/div>\n\t\t\t\t<\/div>\n\t\t<div class=\"elementor-element elementor-element-2b7be15 e-flex e-con-boxed e-con e-parent\" data-id=\"2b7be15\" data-element_type=\"container\" data-e-type=\"container\">\n\t\t\t\t\t<div class=\"e-con-inner\">\n\t\t<div class=\"elementor-element elementor-element-78348f6 e-con-full e-flex e-con e-child\" data-id=\"78348f6\" data-element_type=\"container\" data-e-type=\"container\">\n\t\t\t\t<div class=\"elementor-element elementor-element-c0de567 elementor-widget elementor-widget-text-editor\" data-id=\"c0de567\" data-element_type=\"widget\" data-e-type=\"widget\" data-widget_type=\"text-editor.default\">\n\t\t\t\t\t\t\t\t\t<p>Polityka prywatno\u015bci Aema OY okre\u015bla, w jaki spos\u00f3b gromadzimy, wykorzystujemy, udost\u0119pniamy i chronimy dane osobowe u\u017cytkownik\u00f3w podczas interakcji z nasz\u0105 witryn\u0105 internetow\u0105 lub us\u0142ugami. W Aema OY dok\u0142adamy wszelkich stara\u0144, aby chroni\u0107 prywatno\u015b\u0107 i dane osobowe naszych klient\u00f3w, partner\u00f3w i os\u00f3b odwiedzaj\u0105cych nasz\u0105 stron\u0119 internetow\u0105. <\/p><h2 class=\"wp-block-heading\">1. Informacje, kt\u00f3re zbieramy<\/h2><p>Mo\u017cemy gromadzi\u0107 nast\u0119puj\u0105ce rodzaje danych osobowych:<\/p><p>&#8211; Osobiste dane identyfikacyjne: Imi\u0119 i nazwisko, adres e-mail, numer telefonu i informacje biznesowe podczas dobrowolnego przesy\u0142ania formularzy na naszej stronie internetowej lub za po\u015brednictwem korespondencji.<br>&#8211; Dane techniczne: Adres IP, typ przegl\u0105darki i pliki cookie w celu poprawy do\u015bwiadczenia u\u017cytkownika i analizy ruchu na naszej stronie.<br>&#8211; Informacje transakcyjne: Dane zwi\u0105zane z wszelkimi zakupami, umowami lub kontraktami zawartymi za po\u015brednictwem naszych us\u0142ug.<\/p><h2>2. Jak wykorzystujemy dane u\u017cytkownika<\/h2><p>Aema OY wykorzystuje zebrane dane do nast\u0119puj\u0105cych cel\u00f3w:<\/p><p>&#8211; \u015awiadczenie us\u0142ug: Przetwarzanie zapyta\u0144, realizacja um\u00f3w i dostarczanie u\u017cytkownikowi aktualizacji dotycz\u0105cych naszych produkt\u00f3w i us\u0142ug.<br>&#8211; Marketing i komunikacja: Za zgod\u0105 u\u017cytkownika mo\u017cemy wysy\u0142a\u0107 mu materia\u0142y promocyjne i informacje zwi\u0105zane z nasz\u0105 ofert\u0105.<br>&#8211; Ulepszanie strony internetowej: Analiza i ulepszanie naszej strony internetowej i us\u0142ug poprzez monitorowanie wzorc\u00f3w u\u017cytkowania przez odwiedzaj\u0105cych.<\/p><h2>3. Udost\u0119pnianie informacji<\/h2><p>Szanujemy prywatno\u015b\u0107 u\u017cytkownika i nie sprzedajemy, nie wymieniamy ani w \u017caden inny spos\u00f3b nie udost\u0119pniamy jego danych osobowych bez jego zgody, z wyj\u0105tkiem nast\u0119puj\u0105cych okoliczno\u015bci:<\/p><p>&#8211; Dostawcy us\u0142ug: Mo\u017cemy udost\u0119pnia\u0107 dane zaufanym stronom trzecim, aby pom\u00f3c nam w prowadzeniu naszej strony internetowej lub \u015bwiadczeniu us\u0142ug (np. przetwarzanie p\u0142atno\u015bci, us\u0142ugi IT).<br>&#8211; Wymogi prawne: Je\u015bli jest to wymagane przez prawo lub w celu ochrony praw, bezpiecze\u0144stwa lub w\u0142asno\u015bci Aema OY lub innych os\u00f3b, mo\u017cemy udost\u0119pnia\u0107 dane osobowe.<\/p><h2>4. Bezpiecze\u0144stwo danych<\/h2><p>Aema OY powa\u017cnie traktuje bezpiecze\u0144stwo danych. Stosujemy odpowiednie \u015brodki techniczne i organizacyjne w celu ochrony danych osobowych przed nieuprawnionym dost\u0119pem, ujawnieniem lub zmian\u0105. Nie mo\u017cna jednak zagwarantowa\u0107, \u017ce transmisja online b\u0119dzie ca\u0142kowicie bezpieczna, dlatego nale\u017cy pami\u0119ta\u0107 o wszelkich nieod\u0142\u0105cznych zagro\u017ceniach zwi\u0105zanych z udost\u0119pnianiem danych online.  <\/p><h2>5. Pliki cookie i technologie \u015bledzenia<\/h2><p>Nasza strona internetowa wykorzystuje pliki cookie, aby poprawi\u0107 komfort korzystania z niej i analizowa\u0107 ruch u\u017cytkownik\u00f3w. Kontynuuj\u0105c korzystanie z naszej witryny, u\u017cytkownik wyra\u017ca zgod\u0119 na u\u017cywanie plik\u00f3w cookie. U\u017cytkownik mo\u017ce wy\u0142\u0105czy\u0107 pliki cookie w ustawieniach przegl\u0105darki, ale mo\u017ce to ograniczy\u0107 mo\u017cliwo\u015b\u0107 pe\u0142nej interakcji z nasz\u0105 witryn\u0105.  <\/p><h2>6. Prawa u\u017cytkownika<\/h2><p>U\u017cytkownikowi przys\u0142uguj\u0105 nast\u0119puj\u0105ce prawa dotycz\u0105ce jego danych osobowych:<\/p><p>&#8211; Dost\u0119p i poprawianie: \u017b\u0105danie dost\u0119pu do swoich danych osobowych i poprawienia wszelkich nie\u015bcis\u0142o\u015bci.<br>&#8211; Usuni\u0119cie: \u017b\u0105danie usuni\u0119cia danych w okre\u015blonych okoliczno\u015bciach.<br>&#8211; Sprzeciw wobec przetwarzania: Sprzeciw wobec przetwarzania przez nas danych u\u017cytkownika w celach marketingowych lub innych.<br>&#8211; Przenoszenie danych: \u017b\u0105danie przeniesienia danych osobowych do innego podmiotu.<br>Je\u015bli chcesz skorzysta\u0107 z kt\u00f3regokolwiek z tych praw, skontaktuj si\u0119 z nami pod adresem <a href=\"mailto:epc@aema.fi\">ess@aema.fi<\/a>.<\/p><h2>7. Mi\u0119dzynarodowe transfery danych<\/h2><p>Je\u015bli u\u017cytkownik znajduje si\u0119 poza Europejskim Obszarem Gospodarczym (EOG), nale\u017cy pami\u0119ta\u0107, \u017ce jego dane osobowe mog\u0105 by\u0107 przekazywane, przechowywane i przetwarzane w kraju, kt\u00f3ry nie zapewnia takiego samego poziomu ochrony danych jak kraj u\u017cytkownika. Korzystaj\u0105c z naszych us\u0142ug, u\u017cytkownik wyra\u017ca zgod\u0119 na takie przekazywanie danych. <\/p><h2>8. Zmiany w polityce prywatno\u015bci Aema OY<\/h2><p>Od czasu do czasu mo\u017cemy aktualizowa\u0107 niniejsz\u0105 Polityk\u0119 prywatno\u015bci, aby odzwierciedli\u0107 zmiany w naszych praktykach lub zobowi\u0105zaniach prawnych. Najbardziej aktualna wersja b\u0119dzie zawsze dost\u0119pna na naszej stronie internetowej, a o istotnych zmianach b\u0119dziemy informowa\u0107 bezpo\u015brednio. <\/p><h2>9. Kontakt<\/h2><p>W przypadku jakichkolwiek pyta\u0144 lub w\u0105tpliwo\u015bci dotycz\u0105cych Polityki prywatno\u015bci Aema OY prosimy o kontakt pod adresem:<\/p><p>Aema OY<br>Email: ess@aema.fi<br>Telefon: +358 44 237 6666<br>Adres: Aleksanterinkatu 11, 00100 Helsinki, Finlandia<\/p>\t\t\t\t\t\t\t\t<\/div>\n\t\t\t\t<\/div>\n\t\t\t\t\t<\/div>\n\t\t\t\t<\/div>\n\t\t\t\t<\/div>\n\t\t","protected":false},"excerpt":{"rendered":"<p>Polityka prywatno\u015bci Polityka prywatno\u015bci Aema OY okre\u015bla, w jaki spos\u00f3b gromadzimy, wykorzystujemy, udost\u0119pniamy i chronimy dane osobowe u\u017cytkownik\u00f3w podczas interakcji z nasz\u0105 witryn\u0105 internetow\u0105 lub us\u0142ugami. W Aema OY dok\u0142adamy wszelkich stara\u0144, aby chroni\u0107 prywatno\u015b\u0107 i dane osobowe naszych klient\u00f3w, partner\u00f3w i os\u00f3b odwiedzaj\u0105cych nasz\u0105 stron\u0119 internetow\u0105. 1. Informacje, kt\u00f3re zbieramy Mo\u017cemy gromadzi\u0107 nast\u0119puj\u0105ce rodzaje [&hellip;]<\/p>\n","protected":false},"author":1,"featured_media":0,"parent":0,"menu_order":0,"comment_status":"closed","ping_status":"closed","template":"","meta":{"site-sidebar-layout":"no-sidebar","site-content-layout":"","ast-site-content-layout":"full-width-container","site-content-style":"default","site-sidebar-style":"default","ast-global-header-display":"","ast-banner-title-visibility":"","ast-main-header-display":"","ast-hfb-above-header-display":"","ast-hfb-below-header-display":"","ast-hfb-mobile-header-display":"","site-post-title":"disabled","ast-breadcrumbs-content":"","ast-featured-img":"disabled","footer-sml-layout":"","theme-transparent-header-meta":"","adv-header-id-meta":"","stick-header-meta":"","header-above-stick-meta":"","header-main-stick-meta":"","header-below-stick-meta":"","astra-migrate-meta-layouts":"default","ast-page-background-enabled":"default","ast-page-background-meta":{"desktop":{"background-color":"var(--ast-global-color-5)","background-image":"","background-repeat":"repeat","background-position":"center center","background-size":"auto","background-attachment":"scroll","background-type":"","background-media":"","overlay-type":"","overlay-color":"","overlay-opacity":"","overlay-gradient":""},"tablet":{"background-color":"","background-image":"","background-repeat":"repeat","background-position":"center center","background-size":"auto","background-attachment":"scroll","background-type":"","background-media":"","overlay-type":"","overlay-color":"","overlay-opacity":"","overlay-gradient":""},"mobile":{"background-color":"","background-image":"","background-repeat":"repeat","background-position":"center center","background-size":"auto","background-attachment":"scroll","background-type":"","background-media":"","overlay-type":"","overlay-color":"","overlay-opacity":"","overlay-gradient":""}},"ast-content-background-meta":{"desktop":{"background-color":"var(--ast-global-color-4)","background-image":"","background-repeat":"repeat","background-position":"center center","background-size":"auto","background-attachment":"scroll","background-type":"","background-media":"","overlay-type":"","overlay-color":"","overlay-opacity":"","overlay-gradient":""},"tablet":{"background-color":"var(--ast-global-color-4)","background-image":"","background-repeat":"repeat","background-position":"center center","background-size":"auto","background-attachment":"scroll","background-type":"","background-media":"","overlay-type":"","overlay-color":"","overlay-opacity":"","overlay-gradient":""},"mobile":{"background-color":"var(--ast-global-color-4)","background-image":"","background-repeat":"repeat","background-position":"center center","background-size":"auto","background-attachment":"scroll","background-type":"","background-media":"","overlay-type":"","overlay-color":"","overlay-opacity":"","overlay-gradient":""}},"footnotes":""},"class_list":["post-3556","page","type-page","status-publish","hentry"],"yoast_head":"<!-- This site is optimized with the Yoast SEO plugin v27.5 - https:\/\/yoast.com\/product\/yoast-seo-wordpress\/ -->\n<title>Polityka prywatno\u015bci - AEMA OY<\/title>\n<meta name=\"robots\" content=\"index, follow, max-snippet:-1, max-image-preview:large, max-video-preview:-1\" \/>\n<link rel=\"canonical\" href=\"https:\/\/ess.aema.fi\/pl\/privacy-policy\/\" \/>\n<meta property=\"og:locale\" content=\"pl_PL\" \/>\n<meta property=\"og:type\" content=\"article\" \/>\n<meta property=\"og:title\" content=\"Polityka prywatno\u015bci - AEMA OY\" \/>\n<meta property=\"og:description\" content=\"Polityka prywatno\u015bci Polityka prywatno\u015bci Aema OY okre\u015bla, w jaki spos\u00f3b gromadzimy, wykorzystujemy, udost\u0119pniamy i chronimy dane osobowe u\u017cytkownik\u00f3w podczas interakcji z nasz\u0105 witryn\u0105 internetow\u0105 lub us\u0142ugami. W Aema OY dok\u0142adamy wszelkich stara\u0144, aby chroni\u0107 prywatno\u015b\u0107 i dane osobowe naszych klient\u00f3w, partner\u00f3w i os\u00f3b odwiedzaj\u0105cych nasz\u0105 stron\u0119 internetow\u0105. 1. Informacje, kt\u00f3re zbieramy Mo\u017cemy gromadzi\u0107 nast\u0119puj\u0105ce rodzaje [&hellip;]\" \/>\n<meta property=\"og:url\" content=\"https:\/\/ess.aema.fi\/pl\/privacy-policy\/\" \/>\n<meta property=\"og:site_name\" content=\"AEMA OY\" \/>\n<meta property=\"article:modified_time\" content=\"2025-11-10T09:09:04+00:00\" \/>\n<meta property=\"og:image\" content=\"https:\/\/ess.aema.fi\/wp-content\/uploads\/2025\/10\/aema-mobile-sqr.jpg\" \/>\n\t<meta property=\"og:image:width\" content=\"2160\" \/>\n\t<meta property=\"og:image:height\" content=\"2160\" \/>\n\t<meta property=\"og:image:type\" content=\"image\/jpeg\" \/>\n<meta name=\"twitter:card\" content=\"summary_large_image\" \/>\n<meta name=\"twitter:label1\" content=\"Szacowany czas czytania\" \/>\n\t<meta name=\"twitter:data1\" content=\"3 minuty\" \/>\n<script type=\"application\/ld+json\" class=\"yoast-schema-graph\">{\"@context\":\"https:\\\/\\\/schema.org\",\"@graph\":[{\"@type\":\"WebPage\",\"@id\":\"https:\\\/\\\/ess.aema.fi\\\/pl\\\/privacy-policy\\\/\",\"url\":\"https:\\\/\\\/ess.aema.fi\\\/pl\\\/privacy-policy\\\/\",\"name\":\"Polityka prywatno\u015bci - AEMA OY\",\"isPartOf\":{\"@id\":\"https:\\\/\\\/ess.aema.fi\\\/pl\\\/#website\"},\"datePublished\":\"2025-10-31T09:12:07+00:00\",\"dateModified\":\"2025-11-10T09:09:04+00:00\",\"breadcrumb\":{\"@id\":\"https:\\\/\\\/ess.aema.fi\\\/pl\\\/privacy-policy\\\/#breadcrumb\"},\"inLanguage\":\"pl-PL\",\"potentialAction\":[{\"@type\":\"ReadAction\",\"target\":[\"https:\\\/\\\/ess.aema.fi\\\/pl\\\/privacy-policy\\\/\"]}]},{\"@type\":\"BreadcrumbList\",\"@id\":\"https:\\\/\\\/ess.aema.fi\\\/pl\\\/privacy-policy\\\/#breadcrumb\",\"itemListElement\":[{\"@type\":\"ListItem\",\"position\":1,\"name\":\"Home\",\"item\":\"https:\\\/\\\/ess.aema.fi\\\/pl\\\/home\\\/\"},{\"@type\":\"ListItem\",\"position\":2,\"name\":\"Polityka prywatno\u015bci\"}]},{\"@type\":\"WebSite\",\"@id\":\"https:\\\/\\\/ess.aema.fi\\\/pl\\\/#website\",\"url\":\"https:\\\/\\\/ess.aema.fi\\\/pl\\\/\",\"name\":\"AEMA OY\",\"description\":\"\",\"publisher\":{\"@id\":\"https:\\\/\\\/ess.aema.fi\\\/pl\\\/#organization\"},\"potentialAction\":[{\"@type\":\"SearchAction\",\"target\":{\"@type\":\"EntryPoint\",\"urlTemplate\":\"https:\\\/\\\/ess.aema.fi\\\/pl\\\/?s={search_term_string}\"},\"query-input\":{\"@type\":\"PropertyValueSpecification\",\"valueRequired\":true,\"valueName\":\"search_term_string\"}}],\"inLanguage\":\"pl-PL\"},{\"@type\":\"Organization\",\"@id\":\"https:\\\/\\\/ess.aema.fi\\\/pl\\\/#organization\",\"name\":\"AEMA OY\",\"url\":\"https:\\\/\\\/ess.aema.fi\\\/pl\\\/\",\"logo\":{\"@type\":\"ImageObject\",\"inLanguage\":\"pl-PL\",\"@id\":\"https:\\\/\\\/ess.aema.fi\\\/pl\\\/#\\\/schema\\\/logo\\\/image\\\/\",\"url\":\"https:\\\/\\\/ess.aema.fi\\\/wp-content\\\/uploads\\\/2025\\\/10\\\/main-logo-ess.png\",\"contentUrl\":\"https:\\\/\\\/ess.aema.fi\\\/wp-content\\\/uploads\\\/2025\\\/10\\\/main-logo-ess.png\",\"width\":711,\"height\":320,\"caption\":\"AEMA OY\"},\"image\":{\"@id\":\"https:\\\/\\\/ess.aema.fi\\\/pl\\\/#\\\/schema\\\/logo\\\/image\\\/\"}}]}<\/script>\n<!-- \/ Yoast SEO plugin. -->","yoast_head_json":{"title":"Polityka prywatno\u015bci - AEMA OY","robots":{"index":"index","follow":"follow","max-snippet":"max-snippet:-1","max-image-preview":"max-image-preview:large","max-video-preview":"max-video-preview:-1"},"canonical":"https:\/\/ess.aema.fi\/pl\/privacy-policy\/","og_locale":"pl_PL","og_type":"article","og_title":"Polityka prywatno\u015bci - AEMA OY","og_description":"Polityka prywatno\u015bci Polityka prywatno\u015bci Aema OY okre\u015bla, w jaki spos\u00f3b gromadzimy, wykorzystujemy, udost\u0119pniamy i chronimy dane osobowe u\u017cytkownik\u00f3w podczas interakcji z nasz\u0105 witryn\u0105 internetow\u0105 lub us\u0142ugami. W Aema OY dok\u0142adamy wszelkich stara\u0144, aby chroni\u0107 prywatno\u015b\u0107 i dane osobowe naszych klient\u00f3w, partner\u00f3w i os\u00f3b odwiedzaj\u0105cych nasz\u0105 stron\u0119 internetow\u0105. 1. Informacje, kt\u00f3re zbieramy Mo\u017cemy gromadzi\u0107 nast\u0119puj\u0105ce rodzaje [&hellip;]","og_url":"https:\/\/ess.aema.fi\/pl\/privacy-policy\/","og_site_name":"AEMA OY","article_modified_time":"2025-11-10T09:09:04+00:00","og_image":[{"width":2160,"height":2160,"url":"https:\/\/ess.aema.fi\/wp-content\/uploads\/2025\/10\/aema-mobile-sqr.jpg","type":"image\/jpeg"}],"twitter_card":"summary_large_image","twitter_misc":{"Szacowany czas czytania":"3 minuty"},"schema":{"@context":"https:\/\/schema.org","@graph":[{"@type":"WebPage","@id":"https:\/\/ess.aema.fi\/pl\/privacy-policy\/","url":"https:\/\/ess.aema.fi\/pl\/privacy-policy\/","name":"Polityka prywatno\u015bci - AEMA OY","isPartOf":{"@id":"https:\/\/ess.aema.fi\/pl\/#website"},"datePublished":"2025-10-31T09:12:07+00:00","dateModified":"2025-11-10T09:09:04+00:00","breadcrumb":{"@id":"https:\/\/ess.aema.fi\/pl\/privacy-policy\/#breadcrumb"},"inLanguage":"pl-PL","potentialAction":[{"@type":"ReadAction","target":["https:\/\/ess.aema.fi\/pl\/privacy-policy\/"]}]},{"@type":"BreadcrumbList","@id":"https:\/\/ess.aema.fi\/pl\/privacy-policy\/#breadcrumb","itemListElement":[{"@type":"ListItem","position":1,"name":"Home","item":"https:\/\/ess.aema.fi\/pl\/home\/"},{"@type":"ListItem","position":2,"name":"Polityka prywatno\u015bci"}]},{"@type":"WebSite","@id":"https:\/\/ess.aema.fi\/pl\/#website","url":"https:\/\/ess.aema.fi\/pl\/","name":"AEMA OY","description":"","publisher":{"@id":"https:\/\/ess.aema.fi\/pl\/#organization"},"potentialAction":[{"@type":"SearchAction","target":{"@type":"EntryPoint","urlTemplate":"https:\/\/ess.aema.fi\/pl\/?s={search_term_string}"},"query-input":{"@type":"PropertyValueSpecification","valueRequired":true,"valueName":"search_term_string"}}],"inLanguage":"pl-PL"},{"@type":"Organization","@id":"https:\/\/ess.aema.fi\/pl\/#organization","name":"AEMA OY","url":"https:\/\/ess.aema.fi\/pl\/","logo":{"@type":"ImageObject","inLanguage":"pl-PL","@id":"https:\/\/ess.aema.fi\/pl\/#\/schema\/logo\/image\/","url":"https:\/\/ess.aema.fi\/wp-content\/uploads\/2025\/10\/main-logo-ess.png","contentUrl":"https:\/\/ess.aema.fi\/wp-content\/uploads\/2025\/10\/main-logo-ess.png","width":711,"height":320,"caption":"AEMA OY"},"image":{"@id":"https:\/\/ess.aema.fi\/pl\/#\/schema\/logo\/image\/"}}]}},"_links":{"self":[{"href":"https:\/\/ess.aema.fi\/pl\/wp-json\/wp\/v2\/pages\/3556","targetHints":{"allow":["GET"]}}],"collection":[{"href":"https:\/\/ess.aema.fi\/pl\/wp-json\/wp\/v2\/pages"}],"about":[{"href":"https:\/\/ess.aema.fi\/pl\/wp-json\/wp\/v2\/types\/page"}],"author":[{"embeddable":true,"href":"https:\/\/ess.aema.fi\/pl\/wp-json\/wp\/v2\/users\/1"}],"replies":[{"embeddable":true,"href":"https:\/\/ess.aema.fi\/pl\/wp-json\/wp\/v2\/comments?post=3556"}],"version-history":[{"count":2,"href":"https:\/\/ess.aema.fi\/pl\/wp-json\/wp\/v2\/pages\/3556\/revisions"}],"predecessor-version":[{"id":3558,"href":"https:\/\/ess.aema.fi\/pl\/wp-json\/wp\/v2\/pages\/3556\/revisions\/3558"}],"wp:attachment":[{"href":"https:\/\/ess.aema.fi\/pl\/wp-json\/wp\/v2\/media?parent=3556"}],"curies":[{"name":"wp","href":"https:\/\/api.w.org\/{rel}","templated":true}]}}