{"id":3764,"date":"2025-10-07T07:45:46","date_gmt":"2025-10-07T05:45:46","guid":{"rendered":"https:\/\/ess.aema.fi\/faq\/"},"modified":"2025-11-10T11:10:07","modified_gmt":"2025-11-10T09:10:07","slug":"faq","status":"publish","type":"page","link":"https:\/\/ess.aema.fi\/pl\/faq\/","title":{"rendered":"S\u0142owniczek"},"content":{"rendered":"\t\t<div data-elementor-type=\"wp-page\" data-elementor-id=\"3764\" class=\"elementor elementor-3764 elementor-39\" data-elementor-post-type=\"page\">\n\t\t\t\t<div class=\"elementor-element elementor-element-475c057 e-flex e-con-boxed e-con e-parent\" data-id=\"475c057\" data-element_type=\"container\" data-e-type=\"container\" data-settings=\"{&quot;background_background&quot;:&quot;classic&quot;}\">\n\t\t\t\t\t<div class=\"e-con-inner\">\n\t\t<div class=\"elementor-element elementor-element-9796dcc e-con-full e-flex e-con e-child\" data-id=\"9796dcc\" data-element_type=\"container\" data-e-type=\"container\">\n\t\t<div class=\"elementor-element elementor-element-5d6d8b6 e-con-full e-flex e-con e-child\" data-id=\"5d6d8b6\" data-element_type=\"container\" data-e-type=\"container\">\n\t\t\t\t<div class=\"elementor-element elementor-element-3d43e22 elementor-widget elementor-widget-heading\" data-id=\"3d43e22\" data-element_type=\"widget\" data-e-type=\"widget\" data-widget_type=\"heading.default\">\n\t\t\t\t\t<h2 class=\"elementor-heading-title elementor-size-default\">S\u0142owniczek<\/h2>\t\t\t\t<\/div>\n\t\t\t\t<\/div>\n\t\t\t\t<\/div>\n\t\t\t\t\t<\/div>\n\t\t\t\t<\/div>\n\t\t<div class=\"elementor-element elementor-element-2aa17fe e-flex e-con-boxed e-con e-parent\" data-id=\"2aa17fe\" data-element_type=\"container\" data-e-type=\"container\">\n\t\t\t\t\t<div class=\"e-con-inner\">\n\t\t\t\t<div class=\"elementor-element elementor-element-ba40aad b-color elementor-widget elementor-widget-text-editor\" data-id=\"ba40aad\" data-element_type=\"widget\" data-e-type=\"widget\" data-widget_type=\"text-editor.default\">\n\t\t\t\t\t\t\t\t\t<ol><li><strong>ESS (System magazynowania energii):<\/strong> <br>system magazynowania energii elektrycznej do p\u00f3\u017aniejszego wykorzystania.<\/li><li><strong>BESS (System magazynowania energii w bateriach):<\/strong> <br>system <strong>magazynowania energii<\/strong> w bateriach, kt\u00f3ry wykorzystuje baterie do przechowywania energii elektrycznej.<\/li><li><strong>AIO (All-In-One):<\/strong> <br>kompaktowe urz\u0105dzenie, kt\u00f3re \u0142\u0105czy baterie, falownik i kontrolery w jednym produkcie.<\/li><li><strong>Inwerter:<\/strong> <br>urz\u0105dzenie, kt\u00f3re przekszta\u0142ca energi\u0119 elektryczn\u0105 z pr\u0105du sta\u0142ego (DC) &#8211; u\u017cywanego w bateriach i panelach s\u0142onecznych &#8211; na pr\u0105d przemienny (AC), kt\u00f3ry zasila dom i sie\u0107.<\/li><li><strong>System zarz\u0105dzania energi\u0105 (System zarz\u0105dzania energi\u0105):<\/strong> <br>Inteligentne oprogramowanie\/sprz\u0119t oparty na sztucznej inteligencji, kt\u00f3ry kontroluje i obs\u0142uguje przep\u0142yw energii mi\u0119dzy domem, bateri\u0105, energi\u0105 s\u0142oneczn\u0105 i sieci\u0105.<\/li><li><strong>VPP (Wirtualna elektrownia):<\/strong> <br>sie\u0107 wielu domowych akumulator\u00f3w wsp\u00f3\u0142pracuj\u0105cych ze sob\u0105 jak jedna wielka elektrownia, handluj\u0105ca energi\u0105 elektryczn\u0105 na rynkach energii.<\/li><li><strong>Eksport do sieci:<\/strong> <br>sprzeda\u017c energii elektrycznej z baterii lub paneli s\u0142onecznych do sieci publicznej.<\/li><li><strong>Import z sieci:<\/strong> <br>kupuje energi\u0119 elektryczn\u0105 z sieci publicznej (np. gdy ceny s\u0105 niskie).<\/li><li><strong>Oszcz\u0119dno\u015bci:<\/strong> <br>obni\u017cenie rachunk\u00f3w za energi\u0119 elektryczn\u0105 dzi\u0119ki wykorzystaniu zmagazynowanej taniej energii zamiast drogiej energii elektrycznej w godzinach szczytu.<\/li><li><strong>Zarobki:<\/strong> <br>dodatkowy doch\u00f3d, kt\u00f3ry otrzymujesz, gdy Twoja bateria uczestniczy w dzia\u0142aniach handlowych za po\u015brednictwem Besst VPP.<\/li><li><strong>Besst VPP:<\/strong> <br>Platforma Wirtualnej Elektrowni Besst, gdzie wszystkie pod\u0142\u0105czone baterie domowe dzia\u0142aj\u0105 razem na rynku energii.<\/li><li><strong>Partner Besst:<\/strong> <br>gospodarstwo domowe lub firma, kt\u00f3ra jest w\u0142a\u015bcicielem\/u\u017cytkownikiem urz\u0105dzenia Besst AIO i uczestniczy w programie Besst VPP.<\/li><li><strong>Spo\u0142eczno\u015bciowy model biznesowy:<\/strong> <br>spos\u00f3b, w jaki Besst \u0142\u0105czy tysi\u0105ce ma\u0142ych partner\u00f3w w jeden sp\u00f3\u0142dzielczy system energetyczny, sprawiedliwie dziel\u0105c si\u0119 przychodami.<\/li><li><strong>Operator systemu dystrybucyjnego (DSO):<\/strong> <br>lokalna firma zarz\u0105dzaj\u0105ca liniami dystrybucji energii elektrycznej do domu (odpowiedzialna za liczniki i zatwierdzanie przy\u0142\u0105czy).<\/li><li><strong>OSP (Operator Systemu Przesy\u0142owego):<\/strong> <br>krajowy operator, kt\u00f3ry zarz\u0105dza przesy\u0142em energii elektrycznej na wysokim napi\u0119ciu i bilansowaniem ca\u0142ego systemu elektroenergetycznego.<\/li><li><strong>MPPT (\u015aledzenie maksymalnego punktu mocy):<\/strong> <br>inteligentny kontroler wewn\u0105trz falownika, kt\u00f3ry zapewnia, \u017ce panele s\u0142oneczne zawsze dostarczaj\u0105 maksymaln\u0105 moc.<\/li><li><strong>Rynki pomocnicze (bilansuj\u0105ce):<\/strong> <br>specjalne rynki energii elektrycznej, na kt\u00f3rych baterie \u015bwiadcz\u0105 us\u0142ugi pomocnicze w zakresie bilansowania sieci (regulacja cz\u0119stotliwo\u015bci, rezerwy mocy).<\/li><\/ol>\t\t\t\t\t\t\t\t<\/div>\n\t\t\t\t\t<\/div>\n\t\t\t\t<\/div>\n\t\t\t\t<\/div>\n\t\t","protected":false},"excerpt":{"rendered":"<p>S\u0142owniczek ESS (System magazynowania energii): system magazynowania energii elektrycznej do p\u00f3\u017aniejszego wykorzystania. BESS (System magazynowania energii w bateriach): system magazynowania energii w bateriach, kt\u00f3ry wykorzystuje baterie do przechowywania energii elektrycznej. AIO (All-In-One): kompaktowe urz\u0105dzenie, kt\u00f3re \u0142\u0105czy baterie, falownik i kontrolery w jednym produkcie. Inwerter: urz\u0105dzenie, kt\u00f3re przekszta\u0142ca energi\u0119 elektryczn\u0105 z pr\u0105du sta\u0142ego (DC) &#8211; u\u017cywanego [&hellip;]<\/p>\n","protected":false},"author":1,"featured_media":0,"parent":0,"menu_order":0,"comment_status":"closed","ping_status":"closed","template":"","meta":{"site-sidebar-layout":"no-sidebar","site-content-layout":"","ast-site-content-layout":"full-width-container","site-content-style":"default","site-sidebar-style":"default","ast-global-header-display":"","ast-banner-title-visibility":"","ast-main-header-display":"","ast-hfb-above-header-display":"","ast-hfb-below-header-display":"","ast-hfb-mobile-header-display":"","site-post-title":"disabled","ast-breadcrumbs-content":"","ast-featured-img":"disabled","footer-sml-layout":"","theme-transparent-header-meta":"","adv-header-id-meta":"","stick-header-meta":"","header-above-stick-meta":"","header-main-stick-meta":"","header-below-stick-meta":"","astra-migrate-meta-layouts":"default","ast-page-background-enabled":"default","ast-page-background-meta":{"desktop":{"background-color":"var(--ast-global-color-5)","background-image":"","background-repeat":"repeat","background-position":"center center","background-size":"auto","background-attachment":"scroll","background-type":"","background-media":"","overlay-type":"","overlay-color":"","overlay-opacity":"","overlay-gradient":""},"tablet":{"background-color":"","background-image":"","background-repeat":"repeat","background-position":"center center","background-size":"auto","background-attachment":"scroll","background-type":"","background-media":"","overlay-type":"","overlay-color":"","overlay-opacity":"","overlay-gradient":""},"mobile":{"background-color":"","background-image":"","background-repeat":"repeat","background-position":"center center","background-size":"auto","background-attachment":"scroll","background-type":"","background-media":"","overlay-type":"","overlay-color":"","overlay-opacity":"","overlay-gradient":""}},"ast-content-background-meta":{"desktop":{"background-color":"var(--ast-global-color-4)","background-image":"","background-repeat":"repeat","background-position":"center center","background-size":"auto","background-attachment":"scroll","background-type":"","background-media":"","overlay-type":"","overlay-color":"","overlay-opacity":"","overlay-gradient":""},"tablet":{"background-color":"var(--ast-global-color-4)","background-image":"","background-repeat":"repeat","background-position":"center center","background-size":"auto","background-attachment":"scroll","background-type":"","background-media":"","overlay-type":"","overlay-color":"","overlay-opacity":"","overlay-gradient":""},"mobile":{"background-color":"var(--ast-global-color-4)","background-image":"","background-repeat":"repeat","background-position":"center center","background-size":"auto","background-attachment":"scroll","background-type":"","background-media":"","overlay-type":"","overlay-color":"","overlay-opacity":"","overlay-gradient":""}},"footnotes":""},"class_list":["post-3764","page","type-page","status-publish","hentry"],"yoast_head":"<!-- This site is optimized with the Yoast SEO plugin v27.5 - https:\/\/yoast.com\/product\/yoast-seo-wordpress\/ -->\n<title>S\u0142owniczek - AEMA OY<\/title>\n<meta name=\"robots\" content=\"index, follow, max-snippet:-1, max-image-preview:large, max-video-preview:-1\" \/>\n<link rel=\"canonical\" href=\"https:\/\/ess.aema.fi\/pl\/faq\/\" \/>\n<meta property=\"og:locale\" content=\"pl_PL\" \/>\n<meta property=\"og:type\" content=\"article\" \/>\n<meta property=\"og:title\" content=\"S\u0142owniczek - AEMA OY\" \/>\n<meta property=\"og:description\" content=\"S\u0142owniczek ESS (System magazynowania energii): system magazynowania energii elektrycznej do p\u00f3\u017aniejszego wykorzystania. BESS (System magazynowania energii w bateriach): system magazynowania energii w bateriach, kt\u00f3ry wykorzystuje baterie do przechowywania energii elektrycznej. AIO (All-In-One): kompaktowe urz\u0105dzenie, kt\u00f3re \u0142\u0105czy baterie, falownik i kontrolery w jednym produkcie. Inwerter: urz\u0105dzenie, kt\u00f3re przekszta\u0142ca energi\u0119 elektryczn\u0105 z pr\u0105du sta\u0142ego (DC) &#8211; u\u017cywanego [&hellip;]\" \/>\n<meta property=\"og:url\" content=\"https:\/\/ess.aema.fi\/pl\/faq\/\" \/>\n<meta property=\"og:site_name\" content=\"AEMA OY\" \/>\n<meta property=\"article:modified_time\" content=\"2025-11-10T09:10:07+00:00\" \/>\n<meta property=\"og:image\" content=\"https:\/\/ess.aema.fi\/wp-content\/uploads\/2025\/10\/aema-mobile-sqr.jpg\" \/>\n\t<meta property=\"og:image:width\" content=\"2160\" \/>\n\t<meta property=\"og:image:height\" content=\"2160\" \/>\n\t<meta property=\"og:image:type\" content=\"image\/jpeg\" \/>\n<meta name=\"twitter:card\" content=\"summary_large_image\" \/>\n<meta name=\"twitter:label1\" content=\"Szacowany czas czytania\" \/>\n\t<meta name=\"twitter:data1\" content=\"2 minuty\" \/>\n<script type=\"application\/ld+json\" class=\"yoast-schema-graph\">{\"@context\":\"https:\\\/\\\/schema.org\",\"@graph\":[{\"@type\":\"WebPage\",\"@id\":\"https:\\\/\\\/ess.aema.fi\\\/pl\\\/faq\\\/\",\"url\":\"https:\\\/\\\/ess.aema.fi\\\/pl\\\/faq\\\/\",\"name\":\"S\u0142owniczek - AEMA OY\",\"isPartOf\":{\"@id\":\"https:\\\/\\\/ess.aema.fi\\\/pl\\\/#website\"},\"datePublished\":\"2025-10-07T05:45:46+00:00\",\"dateModified\":\"2025-11-10T09:10:07+00:00\",\"breadcrumb\":{\"@id\":\"https:\\\/\\\/ess.aema.fi\\\/pl\\\/faq\\\/#breadcrumb\"},\"inLanguage\":\"pl-PL\",\"potentialAction\":[{\"@type\":\"ReadAction\",\"target\":[\"https:\\\/\\\/ess.aema.fi\\\/pl\\\/faq\\\/\"]}]},{\"@type\":\"BreadcrumbList\",\"@id\":\"https:\\\/\\\/ess.aema.fi\\\/pl\\\/faq\\\/#breadcrumb\",\"itemListElement\":[{\"@type\":\"ListItem\",\"position\":1,\"name\":\"Home\",\"item\":\"https:\\\/\\\/ess.aema.fi\\\/pl\\\/home\\\/\"},{\"@type\":\"ListItem\",\"position\":2,\"name\":\"S\u0142owniczek\"}]},{\"@type\":\"WebSite\",\"@id\":\"https:\\\/\\\/ess.aema.fi\\\/pl\\\/#website\",\"url\":\"https:\\\/\\\/ess.aema.fi\\\/pl\\\/\",\"name\":\"AEMA OY\",\"description\":\"\",\"publisher\":{\"@id\":\"https:\\\/\\\/ess.aema.fi\\\/pl\\\/#organization\"},\"potentialAction\":[{\"@type\":\"SearchAction\",\"target\":{\"@type\":\"EntryPoint\",\"urlTemplate\":\"https:\\\/\\\/ess.aema.fi\\\/pl\\\/?s={search_term_string}\"},\"query-input\":{\"@type\":\"PropertyValueSpecification\",\"valueRequired\":true,\"valueName\":\"search_term_string\"}}],\"inLanguage\":\"pl-PL\"},{\"@type\":\"Organization\",\"@id\":\"https:\\\/\\\/ess.aema.fi\\\/pl\\\/#organization\",\"name\":\"AEMA OY\",\"url\":\"https:\\\/\\\/ess.aema.fi\\\/pl\\\/\",\"logo\":{\"@type\":\"ImageObject\",\"inLanguage\":\"pl-PL\",\"@id\":\"https:\\\/\\\/ess.aema.fi\\\/pl\\\/#\\\/schema\\\/logo\\\/image\\\/\",\"url\":\"https:\\\/\\\/ess.aema.fi\\\/wp-content\\\/uploads\\\/2025\\\/10\\\/main-logo-ess.png\",\"contentUrl\":\"https:\\\/\\\/ess.aema.fi\\\/wp-content\\\/uploads\\\/2025\\\/10\\\/main-logo-ess.png\",\"width\":711,\"height\":320,\"caption\":\"AEMA OY\"},\"image\":{\"@id\":\"https:\\\/\\\/ess.aema.fi\\\/pl\\\/#\\\/schema\\\/logo\\\/image\\\/\"}}]}<\/script>\n<!-- \/ Yoast SEO plugin. -->","yoast_head_json":{"title":"S\u0142owniczek - AEMA OY","robots":{"index":"index","follow":"follow","max-snippet":"max-snippet:-1","max-image-preview":"max-image-preview:large","max-video-preview":"max-video-preview:-1"},"canonical":"https:\/\/ess.aema.fi\/pl\/faq\/","og_locale":"pl_PL","og_type":"article","og_title":"S\u0142owniczek - AEMA OY","og_description":"S\u0142owniczek ESS (System magazynowania energii): system magazynowania energii elektrycznej do p\u00f3\u017aniejszego wykorzystania. BESS (System magazynowania energii w bateriach): system magazynowania energii w bateriach, kt\u00f3ry wykorzystuje baterie do przechowywania energii elektrycznej. AIO (All-In-One): kompaktowe urz\u0105dzenie, kt\u00f3re \u0142\u0105czy baterie, falownik i kontrolery w jednym produkcie. Inwerter: urz\u0105dzenie, kt\u00f3re przekszta\u0142ca energi\u0119 elektryczn\u0105 z pr\u0105du sta\u0142ego (DC) &#8211; u\u017cywanego [&hellip;]","og_url":"https:\/\/ess.aema.fi\/pl\/faq\/","og_site_name":"AEMA OY","article_modified_time":"2025-11-10T09:10:07+00:00","og_image":[{"width":2160,"height":2160,"url":"https:\/\/ess.aema.fi\/wp-content\/uploads\/2025\/10\/aema-mobile-sqr.jpg","type":"image\/jpeg"}],"twitter_card":"summary_large_image","twitter_misc":{"Szacowany czas czytania":"2 minuty"},"schema":{"@context":"https:\/\/schema.org","@graph":[{"@type":"WebPage","@id":"https:\/\/ess.aema.fi\/pl\/faq\/","url":"https:\/\/ess.aema.fi\/pl\/faq\/","name":"S\u0142owniczek - AEMA OY","isPartOf":{"@id":"https:\/\/ess.aema.fi\/pl\/#website"},"datePublished":"2025-10-07T05:45:46+00:00","dateModified":"2025-11-10T09:10:07+00:00","breadcrumb":{"@id":"https:\/\/ess.aema.fi\/pl\/faq\/#breadcrumb"},"inLanguage":"pl-PL","potentialAction":[{"@type":"ReadAction","target":["https:\/\/ess.aema.fi\/pl\/faq\/"]}]},{"@type":"BreadcrumbList","@id":"https:\/\/ess.aema.fi\/pl\/faq\/#breadcrumb","itemListElement":[{"@type":"ListItem","position":1,"name":"Home","item":"https:\/\/ess.aema.fi\/pl\/home\/"},{"@type":"ListItem","position":2,"name":"S\u0142owniczek"}]},{"@type":"WebSite","@id":"https:\/\/ess.aema.fi\/pl\/#website","url":"https:\/\/ess.aema.fi\/pl\/","name":"AEMA OY","description":"","publisher":{"@id":"https:\/\/ess.aema.fi\/pl\/#organization"},"potentialAction":[{"@type":"SearchAction","target":{"@type":"EntryPoint","urlTemplate":"https:\/\/ess.aema.fi\/pl\/?s={search_term_string}"},"query-input":{"@type":"PropertyValueSpecification","valueRequired":true,"valueName":"search_term_string"}}],"inLanguage":"pl-PL"},{"@type":"Organization","@id":"https:\/\/ess.aema.fi\/pl\/#organization","name":"AEMA OY","url":"https:\/\/ess.aema.fi\/pl\/","logo":{"@type":"ImageObject","inLanguage":"pl-PL","@id":"https:\/\/ess.aema.fi\/pl\/#\/schema\/logo\/image\/","url":"https:\/\/ess.aema.fi\/wp-content\/uploads\/2025\/10\/main-logo-ess.png","contentUrl":"https:\/\/ess.aema.fi\/wp-content\/uploads\/2025\/10\/main-logo-ess.png","width":711,"height":320,"caption":"AEMA OY"},"image":{"@id":"https:\/\/ess.aema.fi\/pl\/#\/schema\/logo\/image\/"}}]}},"_links":{"self":[{"href":"https:\/\/ess.aema.fi\/pl\/wp-json\/wp\/v2\/pages\/3764","targetHints":{"allow":["GET"]}}],"collection":[{"href":"https:\/\/ess.aema.fi\/pl\/wp-json\/wp\/v2\/pages"}],"about":[{"href":"https:\/\/ess.aema.fi\/pl\/wp-json\/wp\/v2\/types\/page"}],"author":[{"embeddable":true,"href":"https:\/\/ess.aema.fi\/pl\/wp-json\/wp\/v2\/users\/1"}],"replies":[{"embeddable":true,"href":"https:\/\/ess.aema.fi\/pl\/wp-json\/wp\/v2\/comments?post=3764"}],"version-history":[{"count":2,"href":"https:\/\/ess.aema.fi\/pl\/wp-json\/wp\/v2\/pages\/3764\/revisions"}],"predecessor-version":[{"id":3771,"href":"https:\/\/ess.aema.fi\/pl\/wp-json\/wp\/v2\/pages\/3764\/revisions\/3771"}],"wp:attachment":[{"href":"https:\/\/ess.aema.fi\/pl\/wp-json\/wp\/v2\/media?parent=3764"}],"curies":[{"name":"wp","href":"https:\/\/api.w.org\/{rel}","templated":true}]}}