{"id":3442,"date":"2025-10-07T07:45:26","date_gmt":"2025-10-07T05:45:26","guid":{"rendered":"https:\/\/ess.aema.fi\/credentials\/"},"modified":"2025-11-10T11:08:36","modified_gmt":"2025-11-10T09:08:36","slug":"credentials","status":"publish","type":"page","link":"https:\/\/ess.aema.fi\/ro\/credentials\/","title":{"rendered":"Acredit\u0103ri"},"content":{"rendered":"\t\t<div data-elementor-type=\"wp-page\" data-elementor-id=\"3442\" class=\"elementor elementor-3442 elementor-37\" data-elementor-post-type=\"page\">\n\t\t\t\t<div class=\"elementor-element elementor-element-722737f e-flex e-con-boxed e-con e-parent\" data-id=\"722737f\" data-element_type=\"container\" data-e-type=\"container\" data-settings=\"{&quot;background_background&quot;:&quot;classic&quot;}\">\n\t\t\t\t\t<div class=\"e-con-inner\">\n\t\t<div class=\"elementor-element elementor-element-5f378ef e-con-full e-flex e-con e-child\" data-id=\"5f378ef\" data-element_type=\"container\" data-e-type=\"container\">\n\t\t<div class=\"elementor-element elementor-element-dd3d0de e-con-full e-flex e-con e-child\" data-id=\"dd3d0de\" data-element_type=\"container\" data-e-type=\"container\">\n\t\t\t\t<div class=\"elementor-element elementor-element-b2392a6 elementor-widget elementor-widget-heading\" data-id=\"b2392a6\" data-element_type=\"widget\" data-e-type=\"widget\" data-widget_type=\"heading.default\">\n\t\t\t\t\t<h2 class=\"elementor-heading-title elementor-size-default\">Acredit\u0103ri<\/h2>\t\t\t\t<\/div>\n\t\t\t\t<\/div>\n\t\t\t\t<\/div>\n\t\t\t\t\t<\/div>\n\t\t\t\t<\/div>\n\t\t<div class=\"elementor-element elementor-element-71528bf e-flex e-con-boxed e-con e-parent\" data-id=\"71528bf\" data-element_type=\"container\" data-e-type=\"container\">\n\t\t\t\t\t<div class=\"e-con-inner\">\n\t\t<div class=\"elementor-element elementor-element-1c426ef e-con-full e-flex e-con e-child\" data-id=\"1c426ef\" data-element_type=\"container\" data-e-type=\"container\">\n\t\t\t\t<div class=\"elementor-element elementor-element-55ae07d elementor-widget elementor-widget-heading\" data-id=\"55ae07d\" data-element_type=\"widget\" data-e-type=\"widget\" data-widget_type=\"heading.default\">\n\t\t\t\t\t<h2 class=\"elementor-heading-title elementor-size-default\">Noi, cei de la AEMA OY, suntem m\u00e2ndri s\u0103 colabor\u0103m cu parteneri de \u00eencredere care \u00eemp\u0103rt\u0103\u0219esc angajamentul nostru fa\u021b\u0103 de excelen\u021b\u0103, siguran\u021b\u0103 \u0219i durabilitate. Pe aceast\u0103 pagin\u0103, ve\u021bi g\u0103si certific\u0103ri \u0219i acredit\u0103ri de la companiile noastre partenere, care demonstreaz\u0103 expertiza acestora, conformitatea cu standardele interna\u021bionale \u0219i dedicarea pentru calitate. <\/h2>\t\t\t\t<\/div>\n\t\t<div class=\"elementor-element elementor-element-d368ea6 e-grid e-con-full e-con e-child\" data-id=\"d368ea6\" data-element_type=\"container\" data-e-type=\"container\">\n\t\t<div class=\"elementor-element elementor-element-0cfbaa7 e-con-full e-flex e-con e-child\" data-id=\"0cfbaa7\" data-element_type=\"container\" data-e-type=\"container\">\n\t\t\t\t<div class=\"elementor-element elementor-element-8a27ed8 elementor-widget elementor-widget-heading\" data-id=\"8a27ed8\" data-element_type=\"widget\" data-e-type=\"widget\" data-widget_type=\"heading.default\">\n\t\t\t\t\t<h2 class=\"elementor-heading-title elementor-size-default\">1. Yingli<\/h2>\t\t\t\t<\/div>\n\t\t\t\t<div class=\"elementor-element elementor-element-1859bd3 elementor-widget elementor-widget-image\" data-id=\"1859bd3\" data-element_type=\"widget\" data-e-type=\"widget\" data-widget_type=\"image.default\">\n\t\t\t\t\t\t\t\t\t\t\t\t\t\t\t<img decoding=\"async\" src=\"https:\/\/ess.aema.fi\/wp-content\/uploads\/elementor\/thumbs\/Yingli-Certificate-rdv70vwm72olk9j521udgg5ewq2dt7qsowuch9sdfk.png\" title=\"Yingli-Certificat\" alt=\"Yingli-Certificat\" loading=\"lazy\" \/>\t\t\t\t\t\t\t\t\t\t\t\t\t\t\t<\/div>\n\t\t\t\t<div class=\"elementor-element elementor-element-961147d elementor-widget elementor-widget-text-editor\" data-id=\"961147d\" data-element_type=\"widget\" data-e-type=\"widget\" data-widget_type=\"text-editor.default\">\n\t\t\t\t\t\t\t\t\t<p>Yingli Energy Technology Group este un lider mondial \u00een domeniul produselor BIPV \u0219i al solu\u021biilor solare integrate, dedicat furniz\u0103rii de energie curat\u0103 pentru toat\u0103 lumea \u0219i contribuind la un viitor f\u0103r\u0103 emisii de carbon.<\/p><p><a href=\"https:\/\/epc.aema.fi\/wp-content\/uploads\/2025\/04\/Yungli.pdf\" target=\"_blank\" rel=\"noopener\">Desc\u0103rca\u021bi certificatul<\/a><\/p>\t\t\t\t\t\t\t\t<\/div>\n\t\t\t\t<\/div>\n\t\t<div class=\"elementor-element elementor-element-dbe0352 e-con-full e-flex e-con e-child\" data-id=\"dbe0352\" data-element_type=\"container\" data-e-type=\"container\">\n\t\t\t\t<div class=\"elementor-element elementor-element-34710c2 elementor-widget elementor-widget-heading\" data-id=\"34710c2\" data-element_type=\"widget\" data-e-type=\"widget\" data-widget_type=\"heading.default\">\n\t\t\t\t\t<h2 class=\"elementor-heading-title elementor-size-default\">2. C\u00e2\u0219tig solar<\/h2>\t\t\t\t<\/div>\n\t\t\t\t<div class=\"elementor-element elementor-element-077451d elementor-widget elementor-widget-image\" data-id=\"077451d\" data-element_type=\"widget\" data-e-type=\"widget\" data-widget_type=\"image.default\">\n\t\t\t\t\t\t\t\t\t\t\t\t\t\t\t<img decoding=\"async\" src=\"https:\/\/ess.aema.fi\/wp-content\/uploads\/elementor\/thumbs\/GAIN_SOLAR-e1761919157241-re0qkq1cv2scwh4l4h75u1ujochdxrpuaoemlb59ts.png\" title=\"GAIN_SOLAR\" alt=\"GAIN_SOLAR\" loading=\"lazy\" \/>\t\t\t\t\t\t\t\t\t\t\t\t\t\t\t<\/div>\n\t\t\t\t<div class=\"elementor-element elementor-element-5cd744d elementor-widget elementor-widget-text-editor\" data-id=\"5cd744d\" data-element_type=\"widget\" data-e-type=\"widget\" data-widget_type=\"text-editor.default\">\n\t\t\t\t\t\t\t\t\t<p>Gain Solar, o filial\u0103 a Yingli Group, este un furnizor de top de solu\u021bii neutre din punct de vedere al emisiilor de carbon. Din 2007, compania s-a concentrat pe furnizarea de materiale fotovoltaice inovatoare integrate \u00een cl\u0103diri (BIPV), inclusiv pl\u0103ci solare \u0219i panouri solare pentru podele. Viziunea sa este de a permite generarea de energie solar\u0103 de pe fiecare suprafa\u021b\u0103 expus\u0103 la lumina soarelui.  <\/p><p><a href=\"https:\/\/epc.aema.fi\/wp-content\/uploads\/2025\/04\/Authorization_letter_AEMA.pdf\" target=\"_blank\" rel=\"noopener\">Desc\u0103rca\u021bi Scrisoarea de autorizare<\/a><\/p>\t\t\t\t\t\t\t\t<\/div>\n\t\t\t\t<\/div>\n\t\t<div class=\"elementor-element elementor-element-2adae46 e-con-full e-flex e-con e-child\" data-id=\"2adae46\" data-element_type=\"container\" data-e-type=\"container\">\n\t\t\t\t<div class=\"elementor-element elementor-element-e46ac6b elementor-widget elementor-widget-heading\" data-id=\"e46ac6b\" data-element_type=\"widget\" data-e-type=\"widget\" data-widget_type=\"heading.default\">\n\t\t\t\t\t<h2 class=\"elementor-heading-title elementor-size-default\">3. Pie\u021bele fizice \u0219i financiare de energie ale Academiei Nord Pool<\/h2>\t\t\t\t<\/div>\n\t\t\t\t<div class=\"elementor-element elementor-element-ca63418 elementor-widget elementor-widget-image\" data-id=\"ca63418\" data-element_type=\"widget\" data-e-type=\"widget\" data-widget_type=\"image.default\">\n\t\t\t\t\t\t\t\t\t\t\t\t\t\t\t<img decoding=\"async\" src=\"https:\/\/ess.aema.fi\/wp-content\/uploads\/elementor\/thumbs\/NP-1-rdv70pbqv8flazsp4gzzgzt6r0ytbc0oc09y4c24n4.png\" title=\"NP-1\" alt=\"NP-1\" loading=\"lazy\" \/>\t\t\t\t\t\t\t\t\t\t\t\t\t\t\t<\/div>\n\t\t\t\t<div class=\"elementor-element elementor-element-7ef4096 elementor-widget elementor-widget-text-editor\" data-id=\"7ef4096\" data-element_type=\"widget\" data-e-type=\"widget\" data-widget_type=\"text-editor.default\">\n\t\t\t\t\t\t\t\t\t<p>Nord Pool este prima burs\u0103 de energie electric\u0103 din lume \u0219i prima platform\u0103 multina\u021bional\u0103 de tranzac\u021bionare a energiei electrice. Nord Pool, care \u00ee\u0219i va s\u0103rb\u0103tori cea de-a 30-a aniversare \u00een 2023, include at\u00e2t o burs\u0103 comercial\u0103 de energie, c\u00e2t \u0219i operatorul european de cuplare a pie\u021belor. Av\u00e2nd originea \u00een Norvegia sub denumirea de Statnett Marked, Nord Pool a fost un pionier al comer\u021bului interna\u021bional cu energie electric\u0103 odat\u0103 cu lansarea bursei norvegiano-suedeze \u00een 1996 &#8211; stabilind numele Nord Pool \u0219i prima pia\u021b\u0103 transfrontalier\u0103 de energie electric\u0103 din lume.  <\/p><p><a href=\"https:\/\/epc.aema.fi\/wp-content\/uploads\/2025\/04\/ThePhysicalandFinancialPowerMarkets_Badge20250403-28-h3oh6h.pdf\" target=\"_blank\" rel=\"noopener\">Desc\u0103rca\u021bi certificatul<\/a><\/p>\t\t\t\t\t\t\t\t<\/div>\n\t\t\t\t<\/div>\n\t\t\t\t<\/div>\n\t\t\t\t<div class=\"elementor-element elementor-element-ac246ea elementor-widget elementor-widget-text-editor\" data-id=\"ac246ea\" data-element_type=\"widget\" data-e-type=\"widget\" data-widget_type=\"text-editor.default\">\n\t\t\t\t\t\t\t\t\t<p>Aceste acredit\u0103ri sunt o dovad\u0103 a standardelor ridicate pe care le respect\u0103m \u00een \u00eentreaga noastr\u0103 re\u021bea &#8211; asigur\u00e2nd o execu\u021bie fiabil\u0103, eficient\u0103 \u0219i responsabil\u0103 a proiectelor.<\/p>\t\t\t\t\t\t\t\t<\/div>\n\t\t\t\t<\/div>\n\t\t\t\t\t<\/div>\n\t\t\t\t<\/div>\n\t\t\t\t<\/div>\n\t\t","protected":false},"excerpt":{"rendered":"<p>Acredit\u0103ri Noi, cei de la AEMA OY, suntem m\u00e2ndri s\u0103 colabor\u0103m cu parteneri de \u00eencredere care \u00eemp\u0103rt\u0103\u0219esc angajamentul nostru fa\u021b\u0103 de excelen\u021b\u0103, siguran\u021b\u0103 \u0219i durabilitate. Pe aceast\u0103 pagin\u0103, ve\u021bi g\u0103si certific\u0103ri \u0219i acredit\u0103ri de la companiile noastre partenere, care demonstreaz\u0103 expertiza acestora, conformitatea cu standardele interna\u021bionale \u0219i dedicarea pentru calitate. 1. Yingli Yingli Energy Technology [&hellip;]<\/p>\n","protected":false},"author":1,"featured_media":0,"parent":0,"menu_order":0,"comment_status":"closed","ping_status":"closed","template":"","meta":{"site-sidebar-layout":"no-sidebar","site-content-layout":"","ast-site-content-layout":"full-width-container","site-content-style":"default","site-sidebar-style":"default","ast-global-header-display":"","ast-banner-title-visibility":"","ast-main-header-display":"","ast-hfb-above-header-display":"","ast-hfb-below-header-display":"","ast-hfb-mobile-header-display":"","site-post-title":"disabled","ast-breadcrumbs-content":"","ast-featured-img":"disabled","footer-sml-layout":"","theme-transparent-header-meta":"","adv-header-id-meta":"","stick-header-meta":"","header-above-stick-meta":"","header-main-stick-meta":"","header-below-stick-meta":"","astra-migrate-meta-layouts":"default","ast-page-background-enabled":"default","ast-page-background-meta":{"desktop":{"background-color":"var(--ast-global-color-5)","background-image":"","background-repeat":"repeat","background-position":"center center","background-size":"auto","background-attachment":"scroll","background-type":"","background-media":"","overlay-type":"","overlay-color":"","overlay-opacity":"","overlay-gradient":""},"tablet":{"background-color":"","background-image":"","background-repeat":"repeat","background-position":"center center","background-size":"auto","background-attachment":"scroll","background-type":"","background-media":"","overlay-type":"","overlay-color":"","overlay-opacity":"","overlay-gradient":""},"mobile":{"background-color":"","background-image":"","background-repeat":"repeat","background-position":"center center","background-size":"auto","background-attachment":"scroll","background-type":"","background-media":"","overlay-type":"","overlay-color":"","overlay-opacity":"","overlay-gradient":""}},"ast-content-background-meta":{"desktop":{"background-color":"var(--ast-global-color-4)","background-image":"","background-repeat":"repeat","background-position":"center center","background-size":"auto","background-attachment":"scroll","background-type":"","background-media":"","overlay-type":"","overlay-color":"","overlay-opacity":"","overlay-gradient":""},"tablet":{"background-color":"var(--ast-global-color-4)","background-image":"","background-repeat":"repeat","background-position":"center center","background-size":"auto","background-attachment":"scroll","background-type":"","background-media":"","overlay-type":"","overlay-color":"","overlay-opacity":"","overlay-gradient":""},"mobile":{"background-color":"var(--ast-global-color-4)","background-image":"","background-repeat":"repeat","background-position":"center center","background-size":"auto","background-attachment":"scroll","background-type":"","background-media":"","overlay-type":"","overlay-color":"","overlay-opacity":"","overlay-gradient":""}},"footnotes":""},"class_list":["post-3442","page","type-page","status-publish","hentry"],"yoast_head":"<!-- This site is optimized with the Yoast SEO plugin v27.5 - https:\/\/yoast.com\/product\/yoast-seo-wordpress\/ -->\n<title>Acredit\u0103ri - AEMA OY<\/title>\n<meta name=\"robots\" content=\"index, follow, max-snippet:-1, max-image-preview:large, max-video-preview:-1\" \/>\n<link rel=\"canonical\" href=\"https:\/\/ess.aema.fi\/ro\/credentials\/\" \/>\n<meta property=\"og:locale\" content=\"ro_RO\" \/>\n<meta property=\"og:type\" content=\"article\" \/>\n<meta property=\"og:title\" content=\"Acredit\u0103ri - AEMA OY\" \/>\n<meta property=\"og:description\" content=\"Acredit\u0103ri Noi, cei de la AEMA OY, suntem m\u00e2ndri s\u0103 colabor\u0103m cu parteneri de \u00eencredere care \u00eemp\u0103rt\u0103\u0219esc angajamentul nostru fa\u021b\u0103 de excelen\u021b\u0103, siguran\u021b\u0103 \u0219i durabilitate. Pe aceast\u0103 pagin\u0103, ve\u021bi g\u0103si certific\u0103ri \u0219i acredit\u0103ri de la companiile noastre partenere, care demonstreaz\u0103 expertiza acestora, conformitatea cu standardele interna\u021bionale \u0219i dedicarea pentru calitate. 1. Yingli Yingli Energy Technology [&hellip;]\" \/>\n<meta property=\"og:url\" content=\"https:\/\/ess.aema.fi\/ro\/credentials\/\" \/>\n<meta property=\"og:site_name\" content=\"AEMA OY\" \/>\n<meta property=\"article:modified_time\" content=\"2025-11-10T09:08:36+00:00\" \/>\n<meta property=\"og:image\" content=\"https:\/\/ess.aema.fi\/wp-content\/uploads\/elementor\/thumbs\/Yingli-Certificate-rdv70vwm72olk9j521udgg5ewq2dt7qsowuch9sdfk.png\" \/>\n<meta name=\"twitter:card\" content=\"summary_large_image\" \/>\n<meta name=\"twitter:label1\" content=\"Timp estimat pentru citire\" \/>\n\t<meta name=\"twitter:data1\" content=\"2 minute\" \/>\n<script type=\"application\/ld+json\" class=\"yoast-schema-graph\">{\"@context\":\"https:\\\/\\\/schema.org\",\"@graph\":[{\"@type\":\"WebPage\",\"@id\":\"https:\\\/\\\/ess.aema.fi\\\/ro\\\/credentials\\\/\",\"url\":\"https:\\\/\\\/ess.aema.fi\\\/ro\\\/credentials\\\/\",\"name\":\"Acredit\u0103ri - AEMA OY\",\"isPartOf\":{\"@id\":\"https:\\\/\\\/ess.aema.fi\\\/ro\\\/#website\"},\"primaryImageOfPage\":{\"@id\":\"https:\\\/\\\/ess.aema.fi\\\/ro\\\/credentials\\\/#primaryimage\"},\"image\":{\"@id\":\"https:\\\/\\\/ess.aema.fi\\\/ro\\\/credentials\\\/#primaryimage\"},\"thumbnailUrl\":\"https:\\\/\\\/ess.aema.fi\\\/wp-content\\\/uploads\\\/elementor\\\/thumbs\\\/Yingli-Certificate-rdv70vwm72olk9j521udgg5ewq2dt7qsowuch9sdfk.png\",\"datePublished\":\"2025-10-07T05:45:26+00:00\",\"dateModified\":\"2025-11-10T09:08:36+00:00\",\"breadcrumb\":{\"@id\":\"https:\\\/\\\/ess.aema.fi\\\/ro\\\/credentials\\\/#breadcrumb\"},\"inLanguage\":\"ro-RO\",\"potentialAction\":[{\"@type\":\"ReadAction\",\"target\":[\"https:\\\/\\\/ess.aema.fi\\\/ro\\\/credentials\\\/\"]}]},{\"@type\":\"ImageObject\",\"inLanguage\":\"ro-RO\",\"@id\":\"https:\\\/\\\/ess.aema.fi\\\/ro\\\/credentials\\\/#primaryimage\",\"url\":\"https:\\\/\\\/ess.aema.fi\\\/wp-content\\\/uploads\\\/elementor\\\/thumbs\\\/Yingli-Certificate-rdv70vwm72olk9j521udgg5ewq2dt7qsowuch9sdfk.png\",\"contentUrl\":\"https:\\\/\\\/ess.aema.fi\\\/wp-content\\\/uploads\\\/elementor\\\/thumbs\\\/Yingli-Certificate-rdv70vwm72olk9j521udgg5ewq2dt7qsowuch9sdfk.png\"},{\"@type\":\"BreadcrumbList\",\"@id\":\"https:\\\/\\\/ess.aema.fi\\\/ro\\\/credentials\\\/#breadcrumb\",\"itemListElement\":[{\"@type\":\"ListItem\",\"position\":1,\"name\":\"Home\",\"item\":\"https:\\\/\\\/ess.aema.fi\\\/ro\\\/home\\\/\"},{\"@type\":\"ListItem\",\"position\":2,\"name\":\"Acredit\u0103ri\"}]},{\"@type\":\"WebSite\",\"@id\":\"https:\\\/\\\/ess.aema.fi\\\/ro\\\/#website\",\"url\":\"https:\\\/\\\/ess.aema.fi\\\/ro\\\/\",\"name\":\"AEMA OY\",\"description\":\"\",\"publisher\":{\"@id\":\"https:\\\/\\\/ess.aema.fi\\\/ro\\\/#organization\"},\"potentialAction\":[{\"@type\":\"SearchAction\",\"target\":{\"@type\":\"EntryPoint\",\"urlTemplate\":\"https:\\\/\\\/ess.aema.fi\\\/ro\\\/?s={search_term_string}\"},\"query-input\":{\"@type\":\"PropertyValueSpecification\",\"valueRequired\":true,\"valueName\":\"search_term_string\"}}],\"inLanguage\":\"ro-RO\"},{\"@type\":\"Organization\",\"@id\":\"https:\\\/\\\/ess.aema.fi\\\/ro\\\/#organization\",\"name\":\"AEMA OY\",\"url\":\"https:\\\/\\\/ess.aema.fi\\\/ro\\\/\",\"logo\":{\"@type\":\"ImageObject\",\"inLanguage\":\"ro-RO\",\"@id\":\"https:\\\/\\\/ess.aema.fi\\\/ro\\\/#\\\/schema\\\/logo\\\/image\\\/\",\"url\":\"https:\\\/\\\/ess.aema.fi\\\/wp-content\\\/uploads\\\/2025\\\/10\\\/main-logo-ess.png\",\"contentUrl\":\"https:\\\/\\\/ess.aema.fi\\\/wp-content\\\/uploads\\\/2025\\\/10\\\/main-logo-ess.png\",\"width\":711,\"height\":320,\"caption\":\"AEMA OY\"},\"image\":{\"@id\":\"https:\\\/\\\/ess.aema.fi\\\/ro\\\/#\\\/schema\\\/logo\\\/image\\\/\"}}]}<\/script>\n<!-- \/ Yoast SEO plugin. -->","yoast_head_json":{"title":"Acredit\u0103ri - AEMA OY","robots":{"index":"index","follow":"follow","max-snippet":"max-snippet:-1","max-image-preview":"max-image-preview:large","max-video-preview":"max-video-preview:-1"},"canonical":"https:\/\/ess.aema.fi\/ro\/credentials\/","og_locale":"ro_RO","og_type":"article","og_title":"Acredit\u0103ri - AEMA OY","og_description":"Acredit\u0103ri Noi, cei de la AEMA OY, suntem m\u00e2ndri s\u0103 colabor\u0103m cu parteneri de \u00eencredere care \u00eemp\u0103rt\u0103\u0219esc angajamentul nostru fa\u021b\u0103 de excelen\u021b\u0103, siguran\u021b\u0103 \u0219i durabilitate. Pe aceast\u0103 pagin\u0103, ve\u021bi g\u0103si certific\u0103ri \u0219i acredit\u0103ri de la companiile noastre partenere, care demonstreaz\u0103 expertiza acestora, conformitatea cu standardele interna\u021bionale \u0219i dedicarea pentru calitate. 1. Yingli Yingli Energy Technology [&hellip;]","og_url":"https:\/\/ess.aema.fi\/ro\/credentials\/","og_site_name":"AEMA OY","article_modified_time":"2025-11-10T09:08:36+00:00","og_image":[{"url":"https:\/\/ess.aema.fi\/wp-content\/uploads\/elementor\/thumbs\/Yingli-Certificate-rdv70vwm72olk9j521udgg5ewq2dt7qsowuch9sdfk.png","type":"","width":"","height":""}],"twitter_card":"summary_large_image","twitter_misc":{"Timp estimat pentru citire":"2 minute"},"schema":{"@context":"https:\/\/schema.org","@graph":[{"@type":"WebPage","@id":"https:\/\/ess.aema.fi\/ro\/credentials\/","url":"https:\/\/ess.aema.fi\/ro\/credentials\/","name":"Acredit\u0103ri - AEMA OY","isPartOf":{"@id":"https:\/\/ess.aema.fi\/ro\/#website"},"primaryImageOfPage":{"@id":"https:\/\/ess.aema.fi\/ro\/credentials\/#primaryimage"},"image":{"@id":"https:\/\/ess.aema.fi\/ro\/credentials\/#primaryimage"},"thumbnailUrl":"https:\/\/ess.aema.fi\/wp-content\/uploads\/elementor\/thumbs\/Yingli-Certificate-rdv70vwm72olk9j521udgg5ewq2dt7qsowuch9sdfk.png","datePublished":"2025-10-07T05:45:26+00:00","dateModified":"2025-11-10T09:08:36+00:00","breadcrumb":{"@id":"https:\/\/ess.aema.fi\/ro\/credentials\/#breadcrumb"},"inLanguage":"ro-RO","potentialAction":[{"@type":"ReadAction","target":["https:\/\/ess.aema.fi\/ro\/credentials\/"]}]},{"@type":"ImageObject","inLanguage":"ro-RO","@id":"https:\/\/ess.aema.fi\/ro\/credentials\/#primaryimage","url":"https:\/\/ess.aema.fi\/wp-content\/uploads\/elementor\/thumbs\/Yingli-Certificate-rdv70vwm72olk9j521udgg5ewq2dt7qsowuch9sdfk.png","contentUrl":"https:\/\/ess.aema.fi\/wp-content\/uploads\/elementor\/thumbs\/Yingli-Certificate-rdv70vwm72olk9j521udgg5ewq2dt7qsowuch9sdfk.png"},{"@type":"BreadcrumbList","@id":"https:\/\/ess.aema.fi\/ro\/credentials\/#breadcrumb","itemListElement":[{"@type":"ListItem","position":1,"name":"Home","item":"https:\/\/ess.aema.fi\/ro\/home\/"},{"@type":"ListItem","position":2,"name":"Acredit\u0103ri"}]},{"@type":"WebSite","@id":"https:\/\/ess.aema.fi\/ro\/#website","url":"https:\/\/ess.aema.fi\/ro\/","name":"AEMA OY","description":"","publisher":{"@id":"https:\/\/ess.aema.fi\/ro\/#organization"},"potentialAction":[{"@type":"SearchAction","target":{"@type":"EntryPoint","urlTemplate":"https:\/\/ess.aema.fi\/ro\/?s={search_term_string}"},"query-input":{"@type":"PropertyValueSpecification","valueRequired":true,"valueName":"search_term_string"}}],"inLanguage":"ro-RO"},{"@type":"Organization","@id":"https:\/\/ess.aema.fi\/ro\/#organization","name":"AEMA OY","url":"https:\/\/ess.aema.fi\/ro\/","logo":{"@type":"ImageObject","inLanguage":"ro-RO","@id":"https:\/\/ess.aema.fi\/ro\/#\/schema\/logo\/image\/","url":"https:\/\/ess.aema.fi\/wp-content\/uploads\/2025\/10\/main-logo-ess.png","contentUrl":"https:\/\/ess.aema.fi\/wp-content\/uploads\/2025\/10\/main-logo-ess.png","width":711,"height":320,"caption":"AEMA OY"},"image":{"@id":"https:\/\/ess.aema.fi\/ro\/#\/schema\/logo\/image\/"}}]}},"_links":{"self":[{"href":"https:\/\/ess.aema.fi\/ro\/wp-json\/wp\/v2\/pages\/3442","targetHints":{"allow":["GET"]}}],"collection":[{"href":"https:\/\/ess.aema.fi\/ro\/wp-json\/wp\/v2\/pages"}],"about":[{"href":"https:\/\/ess.aema.fi\/ro\/wp-json\/wp\/v2\/types\/page"}],"author":[{"embeddable":true,"href":"https:\/\/ess.aema.fi\/ro\/wp-json\/wp\/v2\/users\/1"}],"replies":[{"embeddable":true,"href":"https:\/\/ess.aema.fi\/ro\/wp-json\/wp\/v2\/comments?post=3442"}],"version-history":[{"count":2,"href":"https:\/\/ess.aema.fi\/ro\/wp-json\/wp\/v2\/pages\/3442\/revisions"}],"predecessor-version":[{"id":3449,"href":"https:\/\/ess.aema.fi\/ro\/wp-json\/wp\/v2\/pages\/3442\/revisions\/3449"}],"wp:attachment":[{"href":"https:\/\/ess.aema.fi\/ro\/wp-json\/wp\/v2\/media?parent=3442"}],"curies":[{"name":"wp","href":"https:\/\/api.w.org\/{rel}","templated":true}]}}