{"id":3760,"date":"2025-10-07T07:45:46","date_gmt":"2025-10-07T05:45:46","guid":{"rendered":"https:\/\/ess.aema.fi\/faq\/"},"modified":"2025-11-10T11:10:07","modified_gmt":"2025-11-10T09:10:07","slug":"faq","status":"publish","type":"page","link":"https:\/\/ess.aema.fi\/ro\/faq\/","title":{"rendered":"Glosar"},"content":{"rendered":"\t\t<div data-elementor-type=\"wp-page\" data-elementor-id=\"3760\" class=\"elementor elementor-3760 elementor-39\" data-elementor-post-type=\"page\">\n\t\t\t\t<div class=\"elementor-element elementor-element-475c057 e-flex e-con-boxed e-con e-parent\" data-id=\"475c057\" data-element_type=\"container\" data-e-type=\"container\" data-settings=\"{&quot;background_background&quot;:&quot;classic&quot;}\">\n\t\t\t\t\t<div class=\"e-con-inner\">\n\t\t<div class=\"elementor-element elementor-element-9796dcc e-con-full e-flex e-con e-child\" data-id=\"9796dcc\" data-element_type=\"container\" data-e-type=\"container\">\n\t\t<div class=\"elementor-element elementor-element-5d6d8b6 e-con-full e-flex e-con e-child\" data-id=\"5d6d8b6\" data-element_type=\"container\" data-e-type=\"container\">\n\t\t\t\t<div class=\"elementor-element elementor-element-3d43e22 elementor-widget elementor-widget-heading\" data-id=\"3d43e22\" data-element_type=\"widget\" data-e-type=\"widget\" data-widget_type=\"heading.default\">\n\t\t\t\t\t<h2 class=\"elementor-heading-title elementor-size-default\">Glosar<\/h2>\t\t\t\t<\/div>\n\t\t\t\t<\/div>\n\t\t\t\t<\/div>\n\t\t\t\t\t<\/div>\n\t\t\t\t<\/div>\n\t\t<div class=\"elementor-element elementor-element-2aa17fe e-flex e-con-boxed e-con e-parent\" data-id=\"2aa17fe\" data-element_type=\"container\" data-e-type=\"container\">\n\t\t\t\t\t<div class=\"e-con-inner\">\n\t\t\t\t<div class=\"elementor-element elementor-element-ba40aad b-color elementor-widget elementor-widget-text-editor\" data-id=\"ba40aad\" data-element_type=\"widget\" data-e-type=\"widget\" data-widget_type=\"text-editor.default\">\n\t\t\t\t\t\t\t\t\t<ol><li><strong>ESS (Sistem de stocare a energiei):<\/strong> <br>un sistem care stocheaz\u0103 electricitatea pentru utilizare ulterioar\u0103.<\/li><li><strong>BESS (Sistem de stocare a energiei \u00een baterii):<\/strong> <br>un ESS care utilizeaz\u0103 baterii pentru a stoca energia electric\u0103.<\/li><li><strong>AIO (All-In-One):<\/strong> <br>o unitate compact\u0103 care combin\u0103 bateriile, invertorul \u0219i controlerele \u00eentr-un singur produs.<\/li><li><strong>Invertor:<\/strong> <br>un dispozitiv care converte\u0219te electricitatea din curent continuu (DC) &#8211; utilizat \u00een baterii \u0219i panouri solare &#8211; \u00een curent alternativ (AC), care alimenteaz\u0103 casa \u0219i re\u021beaua.<\/li><li><strong>Sistem de management al energiei (Sistem de management al energiei):<\/strong> <br>Software\/hardware inteligent bazat pe inteligen\u021b\u0103 artificial\u0103 care controleaz\u0103 \u0219i gestioneaz\u0103 modul \u00een care energia circul\u0103 \u00eentre cas\u0103, baterie, energie solar\u0103 \u0219i re\u021bea.<\/li><li><strong>VPP (Central\u0103 virtual\u0103):<\/strong> <br>o re\u021bea de baterii casnice care func\u021bioneaz\u0103 \u00eempreun\u0103 ca o mare central\u0103 electric\u0103, comercializ\u00e2nd electricitate pe pie\u021bele de energie.<\/li><li><strong>Export \u00een re\u021bea:<\/strong> <br>v\u00e2nzarea de energie electric\u0103 din bateria sau panourile solare \u00een re\u021beaua public\u0103.<\/li><li><strong>Import din re\u021bea:<\/strong> <br>achizi\u021bionarea de energie electric\u0103 din re\u021beaua public\u0103 (de exemplu, atunci c\u00e2nd pre\u021burile sunt sc\u0103zute).<\/li><li><strong>Economii:<\/strong> <br>reducere a facturii de electricitate prin utilizarea energiei ieftine stocate \u00een locul energiei electrice costisitoare la orele de v\u00e2rf.<\/li><li><strong>C\u00e2\u0219tiguri:<\/strong> <br>venit suplimentar pe care \u00eel primi\u021bi atunci c\u00e2nd bateria dvs. particip\u0103 la activit\u0103\u021bi comerciale prin intermediul VPP Besst.<\/li><li><strong>Besst VPP:<\/strong> <br>Platforma Central\u0103 virtual\u0103 Besst, unde toate bateriile casnice conectate func\u021bioneaz\u0103 \u00eempreun\u0103 pe pia\u021ba energiei.<\/li><li><strong>Partener Besst:<\/strong> <br>o gospod\u0103rie sau o \u00eentreprindere care de\u021bine\/utilizeaz\u0103 un AIO Besst \u0219i particip\u0103 la VPP Besst.<\/li><li><strong>Model de afaceri comunitar:<\/strong> <br>modul \u00een care Besst reune\u0219te mii de parteneri mici \u00eentr-un sistem energetic cooperativ, \u00eemp\u0103r\u021bind veniturile \u00een mod echitabil.<\/li><li><strong>Operator de sistem de distribu\u021bie (DSO):<\/strong> <br>companie local\u0103 care gestioneaz\u0103 liniile de distribu\u021bie a energiei electrice p\u00e2n\u0103 la locuin\u021ba dumneavoastr\u0103 (responsabil\u0103 de contoare \u0219i de aprobarea racord\u0103rii).<\/li><li><strong>TSO (Operator de sistem de transmisie):<\/strong> <br>operator na\u021bional care gestioneaz\u0103 transportul de electricitate de \u00eenalt\u0103 tensiune \u0219i echilibrarea \u00eentregului sistem energetic.<\/li><li><strong>MPPT (Urm\u0103rirea punctului de putere maxim\u0103):<\/strong> <br>un controler inteligent \u00een interiorul invertorului care se asigur\u0103 c\u0103 panourile solare livreaz\u0103 \u00eentotdeauna puterea maxim\u0103.<\/li><li>Pie\u021be <strong>auxiliare (de echilibrare):<\/strong> <br>pie\u021be speciale de energie electric\u0103 pe care bateriile furnizeaz\u0103 servicii de echilibrare a re\u021belei (reglare a frecven\u021bei, capacitate de rezerv\u0103).<\/li><\/ol>\t\t\t\t\t\t\t\t<\/div>\n\t\t\t\t\t<\/div>\n\t\t\t\t<\/div>\n\t\t\t\t<\/div>\n\t\t","protected":false},"excerpt":{"rendered":"<p>Glosar ESS (Sistem de stocare a energiei): un sistem care stocheaz\u0103 electricitatea pentru utilizare ulterioar\u0103. BESS (Sistem de stocare a energiei \u00een baterii): un ESS care utilizeaz\u0103 baterii pentru a stoca energia electric\u0103. AIO (All-In-One): o unitate compact\u0103 care combin\u0103 bateriile, invertorul \u0219i controlerele \u00eentr-un singur produs. Invertor: un dispozitiv care converte\u0219te electricitatea din curent [&hellip;]<\/p>\n","protected":false},"author":1,"featured_media":0,"parent":0,"menu_order":0,"comment_status":"closed","ping_status":"closed","template":"","meta":{"site-sidebar-layout":"no-sidebar","site-content-layout":"","ast-site-content-layout":"full-width-container","site-content-style":"default","site-sidebar-style":"default","ast-global-header-display":"","ast-banner-title-visibility":"","ast-main-header-display":"","ast-hfb-above-header-display":"","ast-hfb-below-header-display":"","ast-hfb-mobile-header-display":"","site-post-title":"disabled","ast-breadcrumbs-content":"","ast-featured-img":"disabled","footer-sml-layout":"","theme-transparent-header-meta":"","adv-header-id-meta":"","stick-header-meta":"","header-above-stick-meta":"","header-main-stick-meta":"","header-below-stick-meta":"","astra-migrate-meta-layouts":"default","ast-page-background-enabled":"default","ast-page-background-meta":{"desktop":{"background-color":"var(--ast-global-color-5)","background-image":"","background-repeat":"repeat","background-position":"center center","background-size":"auto","background-attachment":"scroll","background-type":"","background-media":"","overlay-type":"","overlay-color":"","overlay-opacity":"","overlay-gradient":""},"tablet":{"background-color":"","background-image":"","background-repeat":"repeat","background-position":"center center","background-size":"auto","background-attachment":"scroll","background-type":"","background-media":"","overlay-type":"","overlay-color":"","overlay-opacity":"","overlay-gradient":""},"mobile":{"background-color":"","background-image":"","background-repeat":"repeat","background-position":"center center","background-size":"auto","background-attachment":"scroll","background-type":"","background-media":"","overlay-type":"","overlay-color":"","overlay-opacity":"","overlay-gradient":""}},"ast-content-background-meta":{"desktop":{"background-color":"var(--ast-global-color-4)","background-image":"","background-repeat":"repeat","background-position":"center center","background-size":"auto","background-attachment":"scroll","background-type":"","background-media":"","overlay-type":"","overlay-color":"","overlay-opacity":"","overlay-gradient":""},"tablet":{"background-color":"var(--ast-global-color-4)","background-image":"","background-repeat":"repeat","background-position":"center center","background-size":"auto","background-attachment":"scroll","background-type":"","background-media":"","overlay-type":"","overlay-color":"","overlay-opacity":"","overlay-gradient":""},"mobile":{"background-color":"var(--ast-global-color-4)","background-image":"","background-repeat":"repeat","background-position":"center center","background-size":"auto","background-attachment":"scroll","background-type":"","background-media":"","overlay-type":"","overlay-color":"","overlay-opacity":"","overlay-gradient":""}},"footnotes":""},"class_list":["post-3760","page","type-page","status-publish","hentry"],"yoast_head":"<!-- This site is optimized with the Yoast SEO plugin v27.5 - https:\/\/yoast.com\/product\/yoast-seo-wordpress\/ -->\n<title>Glosar - AEMA OY<\/title>\n<meta name=\"robots\" content=\"index, follow, max-snippet:-1, max-image-preview:large, max-video-preview:-1\" \/>\n<link rel=\"canonical\" href=\"https:\/\/ess.aema.fi\/ro\/faq\/\" \/>\n<meta property=\"og:locale\" content=\"ro_RO\" \/>\n<meta property=\"og:type\" content=\"article\" \/>\n<meta property=\"og:title\" content=\"Glosar - AEMA OY\" \/>\n<meta property=\"og:description\" content=\"Glosar ESS (Sistem de stocare a energiei): un sistem care stocheaz\u0103 electricitatea pentru utilizare ulterioar\u0103. BESS (Sistem de stocare a energiei \u00een baterii): un ESS care utilizeaz\u0103 baterii pentru a stoca energia electric\u0103. AIO (All-In-One): o unitate compact\u0103 care combin\u0103 bateriile, invertorul \u0219i controlerele \u00eentr-un singur produs. Invertor: un dispozitiv care converte\u0219te electricitatea din curent [&hellip;]\" \/>\n<meta property=\"og:url\" content=\"https:\/\/ess.aema.fi\/ro\/faq\/\" \/>\n<meta property=\"og:site_name\" content=\"AEMA OY\" \/>\n<meta property=\"article:modified_time\" content=\"2025-11-10T09:10:07+00:00\" \/>\n<meta property=\"og:image\" content=\"https:\/\/ess.aema.fi\/wp-content\/uploads\/2025\/10\/aema-mobile-sqr.jpg\" \/>\n\t<meta property=\"og:image:width\" content=\"2160\" \/>\n\t<meta property=\"og:image:height\" content=\"2160\" \/>\n\t<meta property=\"og:image:type\" content=\"image\/jpeg\" \/>\n<meta name=\"twitter:card\" content=\"summary_large_image\" \/>\n<meta name=\"twitter:label1\" content=\"Timp estimat pentru citire\" \/>\n\t<meta name=\"twitter:data1\" content=\"2 minute\" \/>\n<script type=\"application\/ld+json\" class=\"yoast-schema-graph\">{\"@context\":\"https:\\\/\\\/schema.org\",\"@graph\":[{\"@type\":\"WebPage\",\"@id\":\"https:\\\/\\\/ess.aema.fi\\\/ro\\\/faq\\\/\",\"url\":\"https:\\\/\\\/ess.aema.fi\\\/ro\\\/faq\\\/\",\"name\":\"Glosar - AEMA OY\",\"isPartOf\":{\"@id\":\"https:\\\/\\\/ess.aema.fi\\\/ro\\\/#website\"},\"datePublished\":\"2025-10-07T05:45:46+00:00\",\"dateModified\":\"2025-11-10T09:10:07+00:00\",\"breadcrumb\":{\"@id\":\"https:\\\/\\\/ess.aema.fi\\\/ro\\\/faq\\\/#breadcrumb\"},\"inLanguage\":\"ro-RO\",\"potentialAction\":[{\"@type\":\"ReadAction\",\"target\":[\"https:\\\/\\\/ess.aema.fi\\\/ro\\\/faq\\\/\"]}]},{\"@type\":\"BreadcrumbList\",\"@id\":\"https:\\\/\\\/ess.aema.fi\\\/ro\\\/faq\\\/#breadcrumb\",\"itemListElement\":[{\"@type\":\"ListItem\",\"position\":1,\"name\":\"Home\",\"item\":\"https:\\\/\\\/ess.aema.fi\\\/ro\\\/home\\\/\"},{\"@type\":\"ListItem\",\"position\":2,\"name\":\"Glosar\"}]},{\"@type\":\"WebSite\",\"@id\":\"https:\\\/\\\/ess.aema.fi\\\/ro\\\/#website\",\"url\":\"https:\\\/\\\/ess.aema.fi\\\/ro\\\/\",\"name\":\"AEMA OY\",\"description\":\"\",\"publisher\":{\"@id\":\"https:\\\/\\\/ess.aema.fi\\\/ro\\\/#organization\"},\"potentialAction\":[{\"@type\":\"SearchAction\",\"target\":{\"@type\":\"EntryPoint\",\"urlTemplate\":\"https:\\\/\\\/ess.aema.fi\\\/ro\\\/?s={search_term_string}\"},\"query-input\":{\"@type\":\"PropertyValueSpecification\",\"valueRequired\":true,\"valueName\":\"search_term_string\"}}],\"inLanguage\":\"ro-RO\"},{\"@type\":\"Organization\",\"@id\":\"https:\\\/\\\/ess.aema.fi\\\/ro\\\/#organization\",\"name\":\"AEMA OY\",\"url\":\"https:\\\/\\\/ess.aema.fi\\\/ro\\\/\",\"logo\":{\"@type\":\"ImageObject\",\"inLanguage\":\"ro-RO\",\"@id\":\"https:\\\/\\\/ess.aema.fi\\\/ro\\\/#\\\/schema\\\/logo\\\/image\\\/\",\"url\":\"https:\\\/\\\/ess.aema.fi\\\/wp-content\\\/uploads\\\/2025\\\/10\\\/main-logo-ess.png\",\"contentUrl\":\"https:\\\/\\\/ess.aema.fi\\\/wp-content\\\/uploads\\\/2025\\\/10\\\/main-logo-ess.png\",\"width\":711,\"height\":320,\"caption\":\"AEMA OY\"},\"image\":{\"@id\":\"https:\\\/\\\/ess.aema.fi\\\/ro\\\/#\\\/schema\\\/logo\\\/image\\\/\"}}]}<\/script>\n<!-- \/ Yoast SEO plugin. -->","yoast_head_json":{"title":"Glosar - AEMA OY","robots":{"index":"index","follow":"follow","max-snippet":"max-snippet:-1","max-image-preview":"max-image-preview:large","max-video-preview":"max-video-preview:-1"},"canonical":"https:\/\/ess.aema.fi\/ro\/faq\/","og_locale":"ro_RO","og_type":"article","og_title":"Glosar - AEMA OY","og_description":"Glosar ESS (Sistem de stocare a energiei): un sistem care stocheaz\u0103 electricitatea pentru utilizare ulterioar\u0103. BESS (Sistem de stocare a energiei \u00een baterii): un ESS care utilizeaz\u0103 baterii pentru a stoca energia electric\u0103. AIO (All-In-One): o unitate compact\u0103 care combin\u0103 bateriile, invertorul \u0219i controlerele \u00eentr-un singur produs. Invertor: un dispozitiv care converte\u0219te electricitatea din curent [&hellip;]","og_url":"https:\/\/ess.aema.fi\/ro\/faq\/","og_site_name":"AEMA OY","article_modified_time":"2025-11-10T09:10:07+00:00","og_image":[{"width":2160,"height":2160,"url":"https:\/\/ess.aema.fi\/wp-content\/uploads\/2025\/10\/aema-mobile-sqr.jpg","type":"image\/jpeg"}],"twitter_card":"summary_large_image","twitter_misc":{"Timp estimat pentru citire":"2 minute"},"schema":{"@context":"https:\/\/schema.org","@graph":[{"@type":"WebPage","@id":"https:\/\/ess.aema.fi\/ro\/faq\/","url":"https:\/\/ess.aema.fi\/ro\/faq\/","name":"Glosar - AEMA OY","isPartOf":{"@id":"https:\/\/ess.aema.fi\/ro\/#website"},"datePublished":"2025-10-07T05:45:46+00:00","dateModified":"2025-11-10T09:10:07+00:00","breadcrumb":{"@id":"https:\/\/ess.aema.fi\/ro\/faq\/#breadcrumb"},"inLanguage":"ro-RO","potentialAction":[{"@type":"ReadAction","target":["https:\/\/ess.aema.fi\/ro\/faq\/"]}]},{"@type":"BreadcrumbList","@id":"https:\/\/ess.aema.fi\/ro\/faq\/#breadcrumb","itemListElement":[{"@type":"ListItem","position":1,"name":"Home","item":"https:\/\/ess.aema.fi\/ro\/home\/"},{"@type":"ListItem","position":2,"name":"Glosar"}]},{"@type":"WebSite","@id":"https:\/\/ess.aema.fi\/ro\/#website","url":"https:\/\/ess.aema.fi\/ro\/","name":"AEMA OY","description":"","publisher":{"@id":"https:\/\/ess.aema.fi\/ro\/#organization"},"potentialAction":[{"@type":"SearchAction","target":{"@type":"EntryPoint","urlTemplate":"https:\/\/ess.aema.fi\/ro\/?s={search_term_string}"},"query-input":{"@type":"PropertyValueSpecification","valueRequired":true,"valueName":"search_term_string"}}],"inLanguage":"ro-RO"},{"@type":"Organization","@id":"https:\/\/ess.aema.fi\/ro\/#organization","name":"AEMA OY","url":"https:\/\/ess.aema.fi\/ro\/","logo":{"@type":"ImageObject","inLanguage":"ro-RO","@id":"https:\/\/ess.aema.fi\/ro\/#\/schema\/logo\/image\/","url":"https:\/\/ess.aema.fi\/wp-content\/uploads\/2025\/10\/main-logo-ess.png","contentUrl":"https:\/\/ess.aema.fi\/wp-content\/uploads\/2025\/10\/main-logo-ess.png","width":711,"height":320,"caption":"AEMA OY"},"image":{"@id":"https:\/\/ess.aema.fi\/ro\/#\/schema\/logo\/image\/"}}]}},"_links":{"self":[{"href":"https:\/\/ess.aema.fi\/ro\/wp-json\/wp\/v2\/pages\/3760","targetHints":{"allow":["GET"]}}],"collection":[{"href":"https:\/\/ess.aema.fi\/ro\/wp-json\/wp\/v2\/pages"}],"about":[{"href":"https:\/\/ess.aema.fi\/ro\/wp-json\/wp\/v2\/types\/page"}],"author":[{"embeddable":true,"href":"https:\/\/ess.aema.fi\/ro\/wp-json\/wp\/v2\/users\/1"}],"replies":[{"embeddable":true,"href":"https:\/\/ess.aema.fi\/ro\/wp-json\/wp\/v2\/comments?post=3760"}],"version-history":[{"count":2,"href":"https:\/\/ess.aema.fi\/ro\/wp-json\/wp\/v2\/pages\/3760\/revisions"}],"predecessor-version":[{"id":3763,"href":"https:\/\/ess.aema.fi\/ro\/wp-json\/wp\/v2\/pages\/3760\/revisions\/3763"}],"wp:attachment":[{"href":"https:\/\/ess.aema.fi\/ro\/wp-json\/wp\/v2\/media?parent=3760"}],"curies":[{"name":"wp","href":"https:\/\/api.w.org\/{rel}","templated":true}]}}